{"id":44,"date":"2023-11-23T07:28:12","date_gmt":"2023-11-23T06:28:12","guid":{"rendered":"https:\/\/webcraftinglab.com\/?page_id=44"},"modified":"2024-11-08T06:01:39","modified_gmt":"2024-11-08T05:01:39","slug":"proceso-de-trabajo","status":"publish","type":"page","link":"https:\/\/webcraftinglab.com\/en\/proceso-de-trabajo\/","title":{"rendered":"Process"},"content":{"rendered":"<div class=\"wp-block-columns is-layout-flex wp-container-core-columns-is-layout-9d6595d7 wp-block-columns-is-layout-flex\">\n<div class=\"wp-block-column is-layout-flow wp-block-column-is-layout-flow\">\n<div style=\"height:100px\" aria-hidden=\"true\" class=\"wp-block-spacer\"><\/div>\n\n\n\n<div class=\"wp-block-group is-nowrap is-layout-flex wp-container-core-group-is-layout-ad2f72ca wp-block-group-is-layout-flex\">\n<h1 class=\"wp-block-heading\">Our Working Process<\/h1>\n<\/div>\n\n\n\n<div style=\"height:26px\" aria-hidden=\"true\" class=\"wp-block-spacer\"><\/div>\n\n\n\n<div class=\"wp-block-group is-nowrap is-layout-flex wp-container-core-group-is-layout-ad2f72ca wp-block-group-is-layout-flex\">\n<h1 class=\"wp-block-heading has-nv-light-bg-color has-text-color has-link-color wp-elements-5c999618f8ef699ae0f60390ea645945\" style=\"font-size:100px\">01<\/h1>\n\n\n\n<h2 class=\"wp-block-heading\">Study of the Project<\/h2>\n<\/div>\n\n\n\n<div class=\"wp-block-columns is-layout-flex wp-container-core-columns-is-layout-9d6595d7 wp-block-columns-is-layout-flex\">\n<div class=\"wp-block-column is-layout-flow wp-block-column-is-layout-flow\" style=\"flex-basis:55%\">\n<div style=\"height:21px\" aria-hidden=\"true\" class=\"wp-block-spacer\"><\/div>\n\n\n\n<p>First, we listen to you and understand what you want and need. <\/p>\n\n\n\n<p>We will explore together what you wish to project and the potential your website could have for your business.<\/p>\n\n\n\n<p>We will create a draft of <strong>the site structure in terms of pages and sections<\/strong>From this, we will also develop a <strong>content outline (texts and images)<\/strong> to prepare if you don't have them yet.<\/p>\n\n\n\n<p>Of course, in this phase, we will also <strong>define the functionalities<\/strong> to be incorporated into your website. <\/p>\n\n\n\n<p>Regardless of the type of business and the approach you want to take, your website must be a commercial tool. <\/p>\n\n\n\n<div style=\"height:55px\" aria-hidden=\"true\" class=\"wp-block-spacer\"><\/div>\n\n\n\n<h3 class=\"wp-block-heading has-text-align-center\">Let\u2019s make the most of it!<\/h3>\n<\/div>\n\n\n\n<div class=\"wp-block-column is-vertically-aligned-stretch is-layout-flow wp-block-column-is-layout-flow\" style=\"flex-basis:45%\">\n<div class=\"wp-block-columns has-nv-light-bg-background-color has-background is-layout-flex wp-container-core-columns-is-layout-9d6595d7 wp-block-columns-is-layout-flex\">\n<div class=\"wp-block-column is-layout-flow wp-block-column-is-layout-flow\" style=\"flex-basis:0%\"><\/div>\n\n\n\n<div class=\"wp-block-column is-layout-flow wp-block-column-is-layout-flow\" style=\"flex-basis:100%\">\n<div style=\"height:17px\" aria-hidden=\"true\" class=\"wp-block-spacer\"><\/div>\n\n\n\n<h6 class=\"wp-block-heading\">Maybe you already have a website that you\u2019re not entirely happy with\u2026<\/h6>\n\n\n\n<p class=\"has-text-align-left\" style=\"font-style:normal;font-weight:300\"><em>Does your website represent you? Are you satisfied with the design? Is the content appropriate? Does it have the right functionalities? Are you getting the most out of it?<\/em><\/p>\n\n\n\n<h6 class=\"wp-block-heading\">...or perhaps you\u2019re starting from scratch.<\/h6>\n\n\n\n<p class=\"has-text-align-left\"><em>Is a contact form enough? Maybe you want a link to a more immediate form of contact, like WhatsApp? Do you need an appointment or online booking system synchronized with your calendar? A store to sell products worldwide? Do you need a payment gateway?<\/em><\/p>\n<\/div>\n\n\n\n<div class=\"wp-block-column is-layout-flow wp-block-column-is-layout-flow\" style=\"flex-basis:0%\"><\/div>\n<\/div>\n<\/div>\n<\/div>\n<\/div>\n<\/div>\n\n\n\n<div class=\"wp-block-columns is-layout-flex wp-container-core-columns-is-layout-9d6595d7 wp-block-columns-is-layout-flex\">\n<div class=\"wp-block-column is-layout-flow wp-block-column-is-layout-flow\">\n<div class=\"wp-block-group is-nowrap is-layout-flex wp-container-core-group-is-layout-ad2f72ca wp-block-group-is-layout-flex\">\n<h1 class=\"wp-block-heading has-nv-light-bg-color has-text-color has-link-color wp-elements-e74ae2b4ee6f7fcfb904e6b0a5c6cb54\" style=\"font-size:100px\">02<\/h1>\n\n\n\n<h2 class=\"wp-block-heading\">Estimate<\/h2>\n<\/div>\n\n\n\n<div class=\"wp-block-columns is-layout-flex wp-container-core-columns-is-layout-9d6595d7 wp-block-columns-is-layout-flex\">\n<div class=\"wp-block-column is-layout-flow wp-block-column-is-layout-flow\" style=\"flex-basis:55%\">\n<p>Now that we understand the scope of the project, it\u2019s time to decide who will handle the day-to-day operations of your website.<\/p>\n\n\n\n<p>Maybe you just need my help to build it... or perhaps you\u2019d prefer to focus on your business and leave the technical details to us, ensuring everything runs smoothly.<\/p>\n\n\n\n<p>With all this defined\u2026 we can now provide you with a quote and a delivery timeline!<\/p>\n<\/div>\n\n\n\n<div class=\"wp-block-column is-vertically-aligned-stretch is-layout-flow wp-block-column-is-layout-flow\" style=\"flex-basis:45%\">\n<div style=\"height:25px\" aria-hidden=\"true\" class=\"wp-block-spacer\"><\/div>\n\n\n\n<div class=\"wp-block-columns are-vertically-aligned-center has-nv-light-bg-background-color has-background is-layout-flex wp-container-core-columns-is-layout-9d6595d7 wp-block-columns-is-layout-flex\">\n<div class=\"wp-block-column is-vertically-aligned-center is-layout-flow wp-block-column-is-layout-flow\" style=\"flex-basis:0%\"><\/div>\n\n\n\n<div class=\"wp-block-column is-vertically-aligned-center is-layout-flow wp-block-column-is-layout-flow\" style=\"flex-basis:100%\">\n<div style=\"height:17px\" aria-hidden=\"true\" class=\"wp-block-spacer\"><\/div>\n\n\n\n<p class=\"has-text-align-left\" style=\"font-style:normal;font-weight:300\"><em>Will we handle the technical maintenance throughout the year? What about content updates?<\/em><\/p>\n<\/div>\n\n\n\n<div class=\"wp-block-column is-vertically-aligned-center is-layout-flow wp-block-column-is-layout-flow\" style=\"flex-basis:0%\"><\/div>\n<\/div>\n<\/div>\n<\/div>\n<\/div>\n<\/div>\n\n\n\n<div class=\"wp-block-columns is-layout-flex wp-container-core-columns-is-layout-9d6595d7 wp-block-columns-is-layout-flex\">\n<div class=\"wp-block-column is-layout-flow wp-block-column-is-layout-flow\">\n<div class=\"wp-block-group is-nowrap is-layout-flex wp-container-core-group-is-layout-ad2f72ca wp-block-group-is-layout-flex\">\n<h1 class=\"wp-block-heading has-nv-light-bg-color has-text-color has-link-color wp-elements-3f2e5bb1477060fb2bac452efcb2cb5f\" style=\"font-size:100px\">03<\/h1>\n\n\n\n<h2 class=\"wp-block-heading\">Construction<\/h2>\n<\/div>\n\n\n\n<p>We are very good, fast, and affordable, so it\u2019s inevitable that we\u2019ll close a collaboration contract together, and <strong>WebCraftingLab<\/strong> will immediately get to work!<\/p>\n\n\n\n<p>We build your website in an online environment with restricted access during the creation phase. This way, you can see the progress in real-time without drafts being accessible to the general public.<\/p>\n<\/div>\n<\/div>\n\n\n\n<div class=\"wp-block-columns is-layout-flex wp-container-core-columns-is-layout-9d6595d7 wp-block-columns-is-layout-flex\">\n<div class=\"wp-block-column is-layout-flow wp-block-column-is-layout-flow\">\n<div class=\"wp-block-group is-nowrap is-layout-flex wp-container-core-group-is-layout-ad2f72ca wp-block-group-is-layout-flex\">\n<h1 class=\"wp-block-heading has-nv-light-bg-color has-text-color has-link-color wp-elements-038d7fa50f64331a8bb6b4647e5d5819\" style=\"font-size:100px\">04<\/h1>\n\n\n\n<h2 class=\"wp-block-heading\">Review Rounds<\/h2>\n<\/div>\n\n\n\n<p>Once the project is assembled, we\u2019ll ask you to access it for an initial in-depth review. Go in, explore every corner of the website, and test all integrated functionalities! This step is crucial for identifying any misplaced content, necessary element adjustments, possible process optimizations, and ensuring that the final product is exactly what you envisioned.<\/p>\n\n\n\n<p>Give us a list of everything you\u2019ve noticed, and we\u2019ll immediately get to work on it.<\/p>\n\n\n\n<p>Once all the improvements are implemented, we\u2019ll ask for another in-depth review. We\u2019ll repeat this process as many times as necessary <strong>until there\u2019s nothing left to improve.<\/strong>.<\/p>\n<\/div>\n<\/div>\n\n\n\n<div class=\"wp-block-columns is-layout-flex wp-container-core-columns-is-layout-9d6595d7 wp-block-columns-is-layout-flex\">\n<div class=\"wp-block-column is-layout-flow wp-block-column-is-layout-flow\">\n<div class=\"wp-block-group is-nowrap is-layout-flex wp-container-core-group-is-layout-ad2f72ca wp-block-group-is-layout-flex\">\n<h1 class=\"wp-block-heading has-nv-light-bg-color has-text-color has-link-color wp-elements-97a6df19d0c90a458e443fb5fd58cd15\" style=\"font-size:100px\">05<\/h1>\n\n\n\n<h2 class=\"wp-block-heading\">Launch<\/h2>\n<\/div>\n\n\n\n<p>Now it\u2019s time to publish your website to the world.<\/p>\n\n\n\n<h4 class=\"wp-block-heading\">Congratulations, you now have a website worthy of your project!<\/h4>\n<\/div>\n<\/div>\n\n\n\n<div class=\"wp-block-columns is-layout-flex wp-container-core-columns-is-layout-9d6595d7 wp-block-columns-is-layout-flex\">\n<div class=\"wp-block-column is-layout-flow wp-block-column-is-layout-flow\">\n<div class=\"wp-block-group is-nowrap is-layout-flex wp-container-core-group-is-layout-ad2f72ca wp-block-group-is-layout-flex\">\n<h1 class=\"wp-block-heading has-nv-light-bg-color has-text-color has-link-color wp-elements-dae1e5563e1bdc234fd54bf4a7f2e7be\" style=\"font-size:100px\">06<\/h1>\n\n\n\n<h2 class=\"wp-block-heading\">Post-Production<\/h2>\n<\/div>\n\n\n\n<p>Regardless of the type of maintenance contract we\u2019ve signed, our work doesn\u2019t end after the launch.<br>At this stage, we conduct an in-depth review of the technical aspects. We ensure proper indexing, verify that analytics are functioning correctly, check that the loading speed is optimal, and more.<\/p>\n<\/div>\n<\/div>\n\n\n\n<div class=\"wp-block-columns is-layout-flex wp-container-core-columns-is-layout-9d6595d7 wp-block-columns-is-layout-flex\">\n<div class=\"wp-block-column is-layout-flow wp-block-column-is-layout-flow\">\n<div class=\"wp-block-group is-nowrap is-layout-flex wp-container-core-group-is-layout-ad2f72ca wp-block-group-is-layout-flex\">\n<h1 class=\"wp-block-heading has-nv-light-bg-color has-text-color has-link-color wp-elements-65c1d1600027bf569a7957cda2e3e6c1\" style=\"font-size:100px\">07<\/h1>\n\n\n\n<h2 class=\"wp-block-heading\">Credential Transfer<\/h2>\n<\/div>\n\n\n\n<p>Because your site belongs to you, and we don\u2019t take hostages\u2026 we\u2019ll finally provide you with the credentials for your website and all associated services.<\/p>\n<\/div>\n<\/div>\n\n\n\n<div class=\"wp-block-columns is-layout-flex wp-container-core-columns-is-layout-9d6595d7 wp-block-columns-is-layout-flex\">\n<div class=\"wp-block-column is-layout-flow wp-block-column-is-layout-flow\">\n<div class=\"wp-block-group is-nowrap is-layout-flex wp-container-core-group-is-layout-ad2f72ca wp-block-group-is-layout-flex\">\n<h1 class=\"wp-block-heading has-nv-light-bg-color has-text-color has-link-color wp-elements-067160b981eb7449c80699ad81908c25\" style=\"font-size:100px\">08<\/h1>\n\n\n\n<h2 class=\"wp-block-heading\">Maintenance and Management<\/h2>\n<\/div>\n\n\n\n<p>Everything described above is part of the creation process of your website and is included in the <strong>our BASIC package<\/strong>Moving forward, your site will need ongoing technical maintenance, including applying necessary updates to the various systems it comprises. You\u2019ll likely also need to update content from time to time, as an outdated website is much worse than having no website at all!<\/p>\n\n\n\n<p>With the <strong>+PLUS package<\/strong> , we offer to handle the technical maintenance of your website. Additionally, we perform and store daily backups of both the system and content, which can be restored at your request at any time. This option is most recommended if you\u2019re comfortable updating the content yourself and anticipate only occasional updates throughout the year.<\/p>\n\n\n\n<p>But if you want to completely step back and have us manage all the content in addition to everything mentioned before, you\u2019ll need the <strong>PREMIUM package<\/strong>. Just think, your website will always be in perfect shape, ready for anything!<\/p>\n<\/div>\n<\/div>\n\n\n\n<div class=\"wp-block-columns is-layout-flex wp-container-core-columns-is-layout-9d6595d7 wp-block-columns-is-layout-flex\">\n<div class=\"wp-block-column is-layout-flow wp-block-column-is-layout-flow\">\n<div style=\"height:24px\" aria-hidden=\"true\" class=\"wp-block-spacer\"><\/div>\n\n\n\n<h3 class=\"wp-block-heading\">What are you waiting for to kickstart your project? Don\u2019t hesitate any longer!<\/h3>\n\n\n\n<div class=\"wp-block-buttons is-layout-flex wp-block-buttons-is-layout-flex\">\n<div class=\"wp-block-button is-style-primary\"><a class=\"wp-block-button__link wp-element-button\" href=\"https:\/\/webcraftinglab.com\/en\/index.php\/solicita-tu-presupuesto\/\">GET A QUOTE!<\/a><\/div>\n<\/div>\n\n\n\n<div style=\"height:46px\" aria-hidden=\"true\" class=\"wp-block-spacer\"><\/div>\n<\/div>\n<\/div>\n\n\n\n<div class=\"wp-block-cover alignfull\" style=\"min-height:420px;aspect-ratio:unset;\"><span aria-hidden=\"true\" class=\"wp-block-cover__background has-nv-light-bg-background-color has-background-dim-100 has-background-dim\"><\/span><div class=\"wp-block-cover__inner-container is-layout-flow wp-block-cover-is-layout-flow\">\n<div style=\"height:80px\" aria-hidden=\"true\" class=\"wp-block-spacer\"><\/div>\n\n\n\n<div class=\"wp-block-group alignwide\"><div class=\"wp-block-group__inner-container is-layout-constrained wp-block-group-is-layout-constrained\">\n<div class=\"wp-block-columns is-layout-flex wp-container-core-columns-is-layout-9d6595d7 wp-block-columns-is-layout-flex\">\n<div class=\"wp-block-column ticss-f6fc7494 is-layout-flow wp-block-column-is-layout-flow\">\n<div class=\"wp-block-group has-nv-site-bg-background-color has-background\"><div class=\"wp-block-group__inner-container is-layout-flow wp-block-group-is-layout-flow\">\n<div style=\"height:24px\" aria-hidden=\"true\" class=\"wp-block-spacer\"><\/div>\n\n\n<div class=\"wp-block-image icon-style is-style-default\">\n<figure class=\"aligncenter size-large\"><img loading=\"lazy\" decoding=\"async\" width=\"65\" height=\"65\" src=\"http:\/\/webcraftinglab.com\/wp-content\/uploads\/2021\/06\/email-sm.png\" alt=\"\" class=\"wp-image-306\"\/><\/figure><\/div>\n\n\n<div style=\"height:24px\" aria-hidden=\"true\" class=\"wp-block-spacer\"><\/div>\n\n\n\n<h3 class=\"wp-block-heading has-text-align-center has-neve-text-color-color has-text-color\">E-mail<\/h3>\n\n\n\n<p class=\"has-text-align-center has-neve-text-color-color has-text-color\" style=\"font-size:15px\">info@webcraftinglab.com<\/p>\n\n\n\n<div style=\"height:24px\" aria-hidden=\"true\" class=\"wp-block-spacer\"><\/div>\n<\/div><\/div>\n<\/div>\n\n\n\n<div class=\"wp-block-column ticss-a5b4df29 is-layout-flow wp-block-column-is-layout-flow\">\n<div class=\"wp-block-group has-nv-site-bg-background-color has-background\"><div class=\"wp-block-group__inner-container is-layout-flow wp-block-group-is-layout-flow\">\n<div style=\"height:24px\" aria-hidden=\"true\" class=\"wp-block-spacer\"><\/div>\n\n\n<div class=\"wp-block-image icon-style is-style-default\">\n<figure class=\"aligncenter size-large\"><img loading=\"lazy\" decoding=\"async\" width=\"63\" height=\"63\" src=\"http:\/\/webcraftinglab.com\/wp-content\/uploads\/2021\/06\/phone-sm.png\" alt=\"\" class=\"wp-image-304\"\/><\/figure><\/div>\n\n\n<div style=\"height:24px\" aria-hidden=\"true\" class=\"wp-block-spacer\"><\/div>\n\n\n\n<h3 class=\"wp-block-heading has-text-align-center has-neve-text-color-color has-text-color\">Phone<\/h3>\n\n\n\n<p class=\"has-text-align-center has-neve-text-color-color has-text-color\" style=\"font-size:15px\">611.033.650 | Monday to Friday<\/p>\n\n\n\n<div style=\"height:24px\" aria-hidden=\"true\" class=\"wp-block-spacer\"><\/div>\n<\/div><\/div>\n<\/div>\n<\/div>\n<\/div><\/div>\n\n\n\n<div style=\"height:30px\" aria-hidden=\"true\" class=\"wp-block-spacer\"><\/div>\n<\/div><\/div>","protected":false},"excerpt":{"rendered":"<p>Nuestro proceso de trabajo 01 Estudio del proyecto En primer lugar, te escuchamos y entendemos qu\u00e9 quieres y necesitas. Estudiaremos juntos qu\u00e9 deseas proyectar y el potencial que podr\u00eda tener tu web para tu negocio. Obtendremos un boceto de la estructura del sitio en cuanto a p\u00e1ginas y apartados. De aqu\u00ed tambi\u00e9n derivar\u00e1 un esquema&hellip;&nbsp;<a href=\"https:\/\/webcraftinglab.com\/en\/proceso-de-trabajo\/\" rel=\"bookmark\">Read More &raquo;<span class=\"screen-reader-text\">Process<\/span><\/a><\/p>","protected":false},"author":1,"featured_media":419,"parent":0,"menu_order":0,"comment_status":"closed","ping_status":"closed","template":"","meta":{"neve_meta_sidebar":"","neve_meta_container":"","neve_meta_enable_content_width":"","neve_meta_content_width":0,"neve_meta_title_alignment":"","neve_meta_author_avatar":"","neve_post_elements_order":"","neve_meta_disable_header":"","neve_meta_disable_footer":"","neve_meta_disable_title":"","_themeisle_gutenberg_block_has_review":false,"footnotes":""},"class_list":["post-44","page","type-page","status-publish","has-post-thumbnail","hentry"],"yoast_head":"<!-- This site is optimized with the Yoast SEO plugin v25.3.1 - https:\/\/yoast.com\/wordpress\/plugins\/seo\/ -->\n<title>Proceso de trabajo - Web Crafting Lab<\/title>\n<meta name=\"description\" content=\"Descubre nuestro Proceso de trabajo: desde la planificaci\u00f3n hasta el lanzamiento, el paso a paso para crear una web perfecta para tu PYME.\" \/>\n<meta name=\"robots\" content=\"index, follow, max-snippet:-1, max-image-preview:large, max-video-preview:-1\" \/>\n<link rel=\"canonical\" href=\"https:\/\/webcraftinglab.com\/en\/proceso-de-trabajo\/\" \/>\n<meta property=\"og:locale\" content=\"en_US\" \/>\n<meta property=\"og:type\" content=\"article\" \/>\n<meta property=\"og:title\" content=\"Proceso de trabajo - Web Crafting Lab\" \/>\n<meta property=\"og:description\" content=\"Descubre nuestro Proceso de trabajo: desde la planificaci\u00f3n hasta el lanzamiento, el paso a paso para crear una web perfecta para tu PYME.\" \/>\n<meta property=\"og:url\" content=\"https:\/\/webcraftinglab.com\/en\/proceso-de-trabajo\/\" \/>\n<meta property=\"og:site_name\" content=\"Web Crafting Lab\" \/>\n<meta property=\"article:modified_time\" content=\"2024-11-08T05:01:39+00:00\" \/>\n<meta property=\"og:image\" content=\"http:\/\/webcraftinglab.com\/wp-content\/uploads\/2023\/11\/personalizar.png\" \/>\n\t<meta property=\"og:image:width\" content=\"128\" \/>\n\t<meta property=\"og:image:height\" content=\"128\" \/>\n\t<meta property=\"og:image:type\" content=\"image\/png\" \/>\n<meta name=\"twitter:card\" content=\"summary_large_image\" \/>\n<meta name=\"twitter:label1\" content=\"Est. reading time\" \/>\n\t<meta name=\"twitter:data1\" content=\"5 minutes\" \/>\n<script type=\"application\/ld+json\" class=\"yoast-schema-graph\">{\"@context\":\"https:\/\/schema.org\",\"@graph\":[{\"@type\":\"WebPage\",\"@id\":\"https:\/\/webcraftinglab.com\/proceso-de-trabajo\/\",\"url\":\"https:\/\/webcraftinglab.com\/proceso-de-trabajo\/\",\"name\":\"Proceso de trabajo - Web Crafting Lab\",\"isPartOf\":{\"@id\":\"https:\/\/webcraftinglab.com\/es\/#website\"},\"primaryImageOfPage\":{\"@id\":\"https:\/\/webcraftinglab.com\/proceso-de-trabajo\/#primaryimage\"},\"image\":{\"@id\":\"https:\/\/webcraftinglab.com\/proceso-de-trabajo\/#primaryimage\"},\"thumbnailUrl\":\"https:\/\/webcraftinglab.com\/wp-content\/uploads\/2023\/11\/personalizar.png\",\"datePublished\":\"2023-11-23T06:28:12+00:00\",\"dateModified\":\"2024-11-08T05:01:39+00:00\",\"description\":\"Descubre nuestro Proceso de trabajo: desde la planificaci\u00f3n hasta el lanzamiento, el paso a paso para crear una web perfecta para tu PYME.\",\"breadcrumb\":{\"@id\":\"https:\/\/webcraftinglab.com\/proceso-de-trabajo\/#breadcrumb\"},\"inLanguage\":\"en-US\",\"potentialAction\":[{\"@type\":\"ReadAction\",\"target\":[\"https:\/\/webcraftinglab.com\/proceso-de-trabajo\/\"]}]},{\"@type\":\"ImageObject\",\"inLanguage\":\"en-US\",\"@id\":\"https:\/\/webcraftinglab.com\/proceso-de-trabajo\/#primaryimage\",\"url\":\"https:\/\/webcraftinglab.com\/wp-content\/uploads\/2023\/11\/personalizar.png\",\"contentUrl\":\"https:\/\/webcraftinglab.com\/wp-content\/uploads\/2023\/11\/personalizar.png\",\"width\":128,\"height\":128},{\"@type\":\"BreadcrumbList\",\"@id\":\"https:\/\/webcraftinglab.com\/proceso-de-trabajo\/#breadcrumb\",\"itemListElement\":[{\"@type\":\"ListItem\",\"position\":1,\"name\":\"Portada\",\"item\":\"https:\/\/webcraftinglab.com\/\"},{\"@type\":\"ListItem\",\"position\":2,\"name\":\"Proceso\"}]},{\"@type\":\"WebSite\",\"@id\":\"https:\/\/webcraftinglab.com\/es\/#website\",\"url\":\"https:\/\/webcraftinglab.com\/es\/\",\"name\":\"WebCraftingLAB\",\"description\":\"Construyendo P\u00e1ginas Web\",\"publisher\":{\"@id\":\"https:\/\/webcraftinglab.com\/es\/#organization\"},\"potentialAction\":[{\"@type\":\"SearchAction\",\"target\":{\"@type\":\"EntryPoint\",\"urlTemplate\":\"https:\/\/webcraftinglab.com\/es\/?s={search_term_string}\"},\"query-input\":{\"@type\":\"PropertyValueSpecification\",\"valueRequired\":true,\"valueName\":\"search_term_string\"}}],\"inLanguage\":\"en-US\"},{\"@type\":\"Organization\",\"@id\":\"https:\/\/webcraftinglab.com\/es\/#organization\",\"name\":\"WebCraftingLAB\",\"url\":\"https:\/\/webcraftinglab.com\/es\/\",\"logo\":{\"@type\":\"ImageObject\",\"inLanguage\":\"en-US\",\"@id\":\"https:\/\/webcraftinglab.com\/es\/#\/schema\/logo\/image\/\",\"url\":\"https:\/\/webcraftinglab.com\/wp-content\/uploads\/2023\/11\/WebCraftingLab-Logo.png\",\"contentUrl\":\"https:\/\/webcraftinglab.com\/wp-content\/uploads\/2023\/11\/WebCraftingLab-Logo.png\",\"width\":1024,\"height\":72,\"caption\":\"WebCraftingLAB\"},\"image\":{\"@id\":\"https:\/\/webcraftinglab.com\/es\/#\/schema\/logo\/image\/\"}}]}<\/script>\n<!-- \/ Yoast SEO plugin. -->","yoast_head_json":{"title":"Proceso de trabajo - Web Crafting Lab","description":"Descubre nuestro Proceso de trabajo: desde la planificaci\u00f3n hasta el lanzamiento, el paso a paso para crear una web perfecta para tu PYME.","robots":{"index":"index","follow":"follow","max-snippet":"max-snippet:-1","max-image-preview":"max-image-preview:large","max-video-preview":"max-video-preview:-1"},"canonical":"https:\/\/webcraftinglab.com\/en\/proceso-de-trabajo\/","og_locale":"en_US","og_type":"article","og_title":"Proceso de trabajo - Web Crafting Lab","og_description":"Descubre nuestro Proceso de trabajo: desde la planificaci\u00f3n hasta el lanzamiento, el paso a paso para crear una web perfecta para tu PYME.","og_url":"https:\/\/webcraftinglab.com\/en\/proceso-de-trabajo\/","og_site_name":"Web Crafting Lab","article_modified_time":"2024-11-08T05:01:39+00:00","og_image":[{"width":128,"height":128,"url":"http:\/\/webcraftinglab.com\/wp-content\/uploads\/2023\/11\/personalizar.png","type":"image\/png"}],"twitter_card":"summary_large_image","twitter_misc":{"Est. reading time":"5 minutes"},"schema":{"@context":"https:\/\/schema.org","@graph":[{"@type":"WebPage","@id":"https:\/\/webcraftinglab.com\/proceso-de-trabajo\/","url":"https:\/\/webcraftinglab.com\/proceso-de-trabajo\/","name":"Proceso de trabajo - Web Crafting Lab","isPartOf":{"@id":"https:\/\/webcraftinglab.com\/es\/#website"},"primaryImageOfPage":{"@id":"https:\/\/webcraftinglab.com\/proceso-de-trabajo\/#primaryimage"},"image":{"@id":"https:\/\/webcraftinglab.com\/proceso-de-trabajo\/#primaryimage"},"thumbnailUrl":"https:\/\/webcraftinglab.com\/wp-content\/uploads\/2023\/11\/personalizar.png","datePublished":"2023-11-23T06:28:12+00:00","dateModified":"2024-11-08T05:01:39+00:00","description":"Descubre nuestro Proceso de trabajo: desde la planificaci\u00f3n hasta el lanzamiento, el paso a paso para crear una web perfecta para tu PYME.","breadcrumb":{"@id":"https:\/\/webcraftinglab.com\/proceso-de-trabajo\/#breadcrumb"},"inLanguage":"en-US","potentialAction":[{"@type":"ReadAction","target":["https:\/\/webcraftinglab.com\/proceso-de-trabajo\/"]}]},{"@type":"ImageObject","inLanguage":"en-US","@id":"https:\/\/webcraftinglab.com\/proceso-de-trabajo\/#primaryimage","url":"https:\/\/webcraftinglab.com\/wp-content\/uploads\/2023\/11\/personalizar.png","contentUrl":"https:\/\/webcraftinglab.com\/wp-content\/uploads\/2023\/11\/personalizar.png","width":128,"height":128},{"@type":"BreadcrumbList","@id":"https:\/\/webcraftinglab.com\/proceso-de-trabajo\/#breadcrumb","itemListElement":[{"@type":"ListItem","position":1,"name":"Portada","item":"https:\/\/webcraftinglab.com\/"},{"@type":"ListItem","position":2,"name":"Proceso"}]},{"@type":"WebSite","@id":"https:\/\/webcraftinglab.com\/es\/#website","url":"https:\/\/webcraftinglab.com\/es\/","name":"WebCraftingLAB","description":"Construyendo P\u00e1ginas Web","publisher":{"@id":"https:\/\/webcraftinglab.com\/es\/#organization"},"potentialAction":[{"@type":"SearchAction","target":{"@type":"EntryPoint","urlTemplate":"https:\/\/webcraftinglab.com\/es\/?s={search_term_string}"},"query-input":{"@type":"PropertyValueSpecification","valueRequired":true,"valueName":"search_term_string"}}],"inLanguage":"en-US"},{"@type":"Organization","@id":"https:\/\/webcraftinglab.com\/es\/#organization","name":"WebCraftingLAB","url":"https:\/\/webcraftinglab.com\/es\/","logo":{"@type":"ImageObject","inLanguage":"en-US","@id":"https:\/\/webcraftinglab.com\/es\/#\/schema\/logo\/image\/","url":"https:\/\/webcraftinglab.com\/wp-content\/uploads\/2023\/11\/WebCraftingLab-Logo.png","contentUrl":"https:\/\/webcraftinglab.com\/wp-content\/uploads\/2023\/11\/WebCraftingLab-Logo.png","width":1024,"height":72,"caption":"WebCraftingLAB"},"image":{"@id":"https:\/\/webcraftinglab.com\/es\/#\/schema\/logo\/image\/"}}]}},"_links":{"self":[{"href":"https:\/\/webcraftinglab.com\/en\/wp-json\/wp\/v2\/pages\/44","targetHints":{"allow":["GET"]}}],"collection":[{"href":"https:\/\/webcraftinglab.com\/en\/wp-json\/wp\/v2\/pages"}],"about":[{"href":"https:\/\/webcraftinglab.com\/en\/wp-json\/wp\/v2\/types\/page"}],"author":[{"embeddable":true,"href":"https:\/\/webcraftinglab.com\/en\/wp-json\/wp\/v2\/users\/1"}],"replies":[{"embeddable":true,"href":"https:\/\/webcraftinglab.com\/en\/wp-json\/wp\/v2\/comments?post=44"}],"version-history":[{"count":41,"href":"https:\/\/webcraftinglab.com\/en\/wp-json\/wp\/v2\/pages\/44\/revisions"}],"predecessor-version":[{"id":1123,"href":"https:\/\/webcraftinglab.com\/en\/wp-json\/wp\/v2\/pages\/44\/revisions\/1123"}],"wp:featuredmedia":[{"embeddable":true,"href":"https:\/\/webcraftinglab.com\/en\/wp-json\/wp\/v2\/media\/419"}],"wp:attachment":[{"href":"https:\/\/webcraftinglab.com\/en\/wp-json\/wp\/v2\/media?parent=44"}],"curies":[{"name":"wp","href":"https:\/\/api.w.org\/{rel}","templated":true}]}}