{"id":577,"date":"2024-08-07T09:37:17","date_gmt":"2024-08-07T07:37:17","guid":{"rendered":"https:\/\/webcraftinglab.com\/?page_id=577"},"modified":"2024-11-08T06:03:54","modified_gmt":"2024-11-08T05:03:54","slug":"precios","status":"publish","type":"page","link":"https:\/\/webcraftinglab.com\/en\/precios\/","title":{"rendered":"Pricing"},"content":{"rendered":"<div class=\"wp-block-columns is-layout-flex wp-container-core-columns-is-layout-9d6595d7 wp-block-columns-is-layout-flex\">\n<div class=\"wp-block-column is-layout-flow wp-block-column-is-layout-flow\">\n<div style=\"height:100px\" aria-hidden=\"true\" class=\"wp-block-spacer\"><\/div>\n\n\n\n<h1 class=\"wp-block-heading\">Pricing<\/h1>\n\n\n\n<div style=\"height:50px\" aria-hidden=\"true\" class=\"wp-block-spacer\"><\/div>\n\n\n\n<div class=\"wp-block-group is-nowrap is-layout-flex wp-container-core-group-is-layout-ad2f72ca wp-block-group-is-layout-flex\">\n<h3 class=\"wp-block-heading\">We're not only very good and fast, but we're also incredibly affordable!<\/h3>\n<\/div>\n\n\n\n<p>To start with, <strong>our prices always include the fixed costs for any website<\/strong>: domain (.com\/.es), hosting, and SSL certificate. <br>However, if you prefer peace of mind, you can always purchase the domain yourself or it\u2019s possible you already have one.<\/p>\n<\/div>\n<\/div>\n\n\n\n<div class=\"wp-block-columns is-layout-flex wp-container-core-columns-is-layout-9d6595d7 wp-block-columns-is-layout-flex\">\n<div class=\"wp-block-column has-nv-light-bg-background-color has-background is-layout-flow wp-block-column-is-layout-flow\">\n<div class=\"wp-block-columns is-layout-flex wp-container-core-columns-is-layout-9d6595d7 wp-block-columns-is-layout-flex\">\n<div class=\"wp-block-column is-layout-flow wp-block-column-is-layout-flow\" style=\"flex-basis:2%\"><\/div>\n\n\n\n<div class=\"wp-block-column is-layout-flow wp-block-column-is-layout-flow\" style=\"flex-basis:95%\">\n<div style=\"height:50px\" aria-hidden=\"true\" class=\"wp-block-spacer\"><\/div>\n\n\n\n<h4 class=\"wp-block-heading has-text-align-left\">A Small Cost Comparison for a Website...<\/h4>\n\n\n\n<p class=\"has-text-align-left\">To give you an idea, with one of the most popular providers, such as 1&amp;1 (now Ionos), their most basic service (the one advertised for \u20ac1 per month with an asterisk) <strong>totals \u20ac165.77 for the first year <\/strong>[\u20ac102 + VAT for hosting and domain, plus \u20ac35 + VAT for the SSL certificate]. <strong>From the second year onwards, it\u2019s \u20ac292.81<\/strong> [\u20ac192 + VAT for hosting, \u20ac14.99 + VAT for the .com domain, and \u20ac35 + VAT for the SSL certificate].<\/p>\n\n\n\n<h5 class=\"wp-block-heading has-text-align-left\">Oh! And you build the website yourself... and spend hours and hours on it! How does that sound?<\/h5>\n\n\n\n<p><\/p>\n\n\n\n<p>With this in mind, here are our base rates.<\/p>\n<\/div>\n\n\n\n<div class=\"wp-block-column is-layout-flow wp-block-column-is-layout-flow\" style=\"flex-basis:2%\"><\/div>\n<\/div>\n<\/div>\n<\/div>\n\n\n\n<div style=\"height:50px\" aria-hidden=\"true\" class=\"wp-block-spacer\"><\/div>\n\n\n\n<div class=\"wp-block-columns is-layout-flex wp-container-core-columns-is-layout-9d6595d7 wp-block-columns-is-layout-flex\">\n<div class=\"wp-block-column is-vertically-aligned-center is-layout-flow wp-block-column-is-layout-flow\" style=\"flex-basis:33.33%\"><div class=\"wp-block-image animated fadeInLeft is-style-rounded\">\n<figure class=\"aligncenter size-medium\"><img loading=\"lazy\" decoding=\"async\" width=\"300\" height=\"155\" src=\"http:\/\/webcraftinglab.com\/wp-content\/uploads\/2023\/11\/basic-pack-300x155.png\" alt=\"Web Crafting Lab - paquete de servicios b\u00e1sico, Precios\" class=\"wp-image-413\" srcset=\"https:\/\/webcraftinglab.com\/wp-content\/uploads\/2023\/11\/basic-pack-300x155.png 300w, https:\/\/webcraftinglab.com\/wp-content\/uploads\/2023\/11\/basic-pack.png 549w\" sizes=\"auto, (max-width: 300px) 100vw, 300px\" \/><\/figure><\/div><\/div>\n\n\n\n<div class=\"wp-block-column is-vertically-aligned-center is-layout-flow wp-block-column-is-layout-flow\" style=\"flex-basis:66.66%\">\n<p>Of course, <strong>our BASIC package<\/strong> includes the design and creation of your website with 100% customization, as well as the setup of all the functionalities you need.<\/p>\n\n\n\n<p>Additionally, we will carry out as many revision rounds as necessary to ensure that your website is 100% you. Finally, we publish it and ensure that all services are running at full capacity.<\/p>\n\n\n\n<p>The price of our BASIC package is <strong>249\u20ac<\/strong>.<\/p>\n<\/div>\n<\/div>\n\n\n\n<hr class=\"wp-block-separator has-text-color has-nv-light-bg-color has-alpha-channel-opacity has-nv-light-bg-background-color has-background is-style-default\"\/>\n\n\n\n<div class=\"wp-block-columns is-layout-flex wp-container-core-columns-is-layout-9d6595d7 wp-block-columns-is-layout-flex\">\n<div class=\"wp-block-column is-vertically-aligned-center is-layout-flow wp-block-column-is-layout-flow\" style=\"flex-basis:33.33%\"><div class=\"wp-block-image animated fadeInLeft is-style-rounded\">\n<figure class=\"aligncenter size-medium\"><img loading=\"lazy\" decoding=\"async\" width=\"300\" height=\"155\" src=\"http:\/\/webcraftinglab.com\/wp-content\/uploads\/2023\/11\/plus-pack-300x155.png\" alt=\"Web Crafting Lab - paquete de servicios plus, Precios\" class=\"wp-image-414\" srcset=\"https:\/\/webcraftinglab.com\/wp-content\/uploads\/2023\/11\/plus-pack-300x155.png 300w, https:\/\/webcraftinglab.com\/wp-content\/uploads\/2023\/11\/plus-pack.png 549w\" sizes=\"auto, (max-width: 300px) 100vw, 300px\" \/><\/figure><\/div><\/div>\n\n\n\n<div class=\"wp-block-column is-vertically-aligned-center is-layout-flow wp-block-column-is-layout-flow\" style=\"flex-basis:66.66%\">\n<div style=\"height:10px\" aria-hidden=\"true\" class=\"wp-block-spacer\"><\/div>\n\n\n\n<p>With the <strong>+PLUS package<\/strong>, for just <strong>369\u20ac<\/strong>, in addition to getting your website up and running, we handle daily backups and technical updates to prevent vulnerabilities that may arise throughout the year and keep it 100% secure and protected from potential attacks.<\/p>\n<\/div>\n<\/div>\n\n\n\n<hr class=\"wp-block-separator has-text-color has-nv-light-bg-color has-alpha-channel-opacity has-nv-light-bg-background-color has-background is-style-default\"\/>\n\n\n\n<div class=\"wp-block-columns is-layout-flex wp-container-core-columns-is-layout-9d6595d7 wp-block-columns-is-layout-flex\">\n<div class=\"wp-block-column is-vertically-aligned-center is-layout-flow wp-block-column-is-layout-flow\" style=\"flex-basis:33.33%\"><div class=\"wp-block-image animated fadeInLeft is-style-rounded\">\n<figure class=\"aligncenter size-medium\"><img loading=\"lazy\" decoding=\"async\" width=\"300\" height=\"155\" src=\"http:\/\/webcraftinglab.com\/wp-content\/uploads\/2023\/11\/premium-pack-300x155.png\" alt=\"Web Crafting Lab - paquete de servicios premium, Precios\" class=\"wp-image-415\" srcset=\"https:\/\/webcraftinglab.com\/wp-content\/uploads\/2023\/11\/premium-pack-300x155.png 300w, https:\/\/webcraftinglab.com\/wp-content\/uploads\/2023\/11\/premium-pack.png 549w\" sizes=\"auto, (max-width: 300px) 100vw, 300px\" \/><\/figure><\/div><\/div>\n\n\n\n<div class=\"wp-block-column is-vertically-aligned-center is-layout-flow wp-block-column-is-layout-flow\" style=\"flex-basis:66.66%\">\n<div style=\"height:10px\" aria-hidden=\"true\" class=\"wp-block-spacer\"><\/div>\n\n\n\n<p>But if you want to completely step back and have us manage all the content in addition to everything mentioned before, you\u2019ll need the <strong>PREMIUM package<\/strong>.<\/p>\n\n\n\n<p>Do you need to frequently update offers? Add services or products? Change business hours throughout the year? Modify the \u2018Our Team\u2019 section regularly? Want a blog?<\/p>\n\n\n\n<p>Think about it\u2014 for <strong>just 549\u20ac<\/strong>, your website will be literally perfect at all times!<\/p>\n<\/div>\n<\/div>\n\n\n\n<div style=\"height:25px\" aria-hidden=\"true\" class=\"wp-block-spacer\"><\/div>\n\n\n\n<p style=\"text-decoration:underline\">These prices refer to a business representation website with an engaging main page, secondary pages such as About Us, Products, Services, Offers, Hours, Contact, etc., as well as essential pages like the Privacy Policy and standard functionalities such as call-to-actions, contact or booking forms, and maps. <\/p>\n\n\n\n<p>For example, take this very website, <strong>webcraftinglab.com<\/strong>. <\/p>\n\n\n\n<p>If <strong>webcraftinglab.com<\/strong> had been a client project, the prices we would have charged would be as stated above, depending on the chosen package.<br><\/p>\n\n\n\n<p>However, there are much more complex websites due to daily operations, business needs, or projections. Beyond the base prices of each package, you might want to implement additional functionalities or services to fully harness your website\u2019s potential, such as:<\/p>\n\n\n\n<ul class=\"wp-block-list\">\n<li><strong>Multilingual Page:<\/strong> Would you like your website to be available in multiple languages to reach the broadest audience possible?<\/li>\n\n\n\n<li><strong>Appointment Management System:<\/strong>&nbsp;Do you run a salon, clinic, physiotherapy center, etc.? Would you like to enable booking appointments through your website, with automatic synchronization to your schedule?<\/li>\n\n\n\n<li><strong>Online Orders:<\/strong> Do you have a store or restaurant and want to offer your products for pickup at a scheduled date and time?<\/li>\n\n\n\n<li><strong>Store with Catalog and Shipping Management:<\/strong>Sell your products worldwide with an online store open 24\/7.<\/li>\n\n\n\n<li><strong>Membership Wall:<\/strong> Want to offer exclusive digital content to your subscribers? Thinking of offering classes? Are you a psychologist, coach, consultant, etc., and provide remote sessions?<\/li>\n<\/ul>\n\n\n\n<p><\/p>\n\n\n\n<p>The possibilities are almost endless. However, because every project is unique, the first step in collaboration is always to assess your needs. Since each case is particular, depending on the dimensions and complexity of the project, we tailor each quote to your needs and expectations. Please feel free to get in touch with us.<\/p>\n\n\n\n<div class=\"wp-block-group\"><div class=\"wp-block-group__inner-container is-layout-constrained wp-block-group-is-layout-constrained\">\n<div class=\"wp-block-buttons is-content-justification-center is-layout-flex wp-container-core-buttons-is-layout-16018d1d wp-block-buttons-is-layout-flex\">\n<div class=\"wp-block-button is-style-primary\"><a class=\"wp-block-button__link wp-element-button\" href=\"https:\/\/webcraftinglab.com\/en\/index.php\/solicita-tu-presupuesto\/\">GET A QUOTE<\/a><\/div>\n<\/div>\n<\/div><\/div>\n\n\n\n<div style=\"height:100px\" aria-hidden=\"true\" class=\"wp-block-spacer\"><\/div>\n\n\n\n<div class=\"wp-block-cover alignfull\" style=\"min-height:420px;aspect-ratio:unset;\"><span aria-hidden=\"true\" class=\"wp-block-cover__background has-nv-light-bg-background-color has-background-dim-100 has-background-dim\"><\/span><div class=\"wp-block-cover__inner-container is-layout-flow wp-block-cover-is-layout-flow\">\n<div style=\"height:80px\" aria-hidden=\"true\" class=\"wp-block-spacer\"><\/div>\n\n\n\n<div class=\"wp-block-columns alignwide is-layout-flex wp-container-core-columns-is-layout-9d6595d7 wp-block-columns-is-layout-flex\">\n<div class=\"wp-block-column ticss-4ce656f1 is-layout-flow wp-block-column-is-layout-flow\">\n<div class=\"wp-block-group has-nv-site-bg-background-color has-background\"><div class=\"wp-block-group__inner-container is-layout-flow wp-block-group-is-layout-flow\">\n<div style=\"height:24px\" aria-hidden=\"true\" class=\"wp-block-spacer\"><\/div>\n\n\n<div class=\"wp-block-image icon-style is-style-default\">\n<figure class=\"aligncenter size-large\"><img loading=\"lazy\" decoding=\"async\" width=\"65\" height=\"65\" src=\"http:\/\/webcraftinglab.com\/wp-content\/uploads\/2021\/06\/email-sm.png\" alt=\"\" class=\"wp-image-306\"\/><\/figure><\/div>\n\n\n<div style=\"height:24px\" aria-hidden=\"true\" class=\"wp-block-spacer\"><\/div>\n\n\n\n<h3 class=\"wp-block-heading has-text-align-center has-neve-text-color-color has-text-color\">E-mail<\/h3>\n\n\n\n<p class=\"has-text-align-center has-neve-text-color-color has-text-color\" style=\"font-size:15px\">info@webcraftinglab.com<\/p>\n\n\n\n<div style=\"height:24px\" aria-hidden=\"true\" class=\"wp-block-spacer\"><\/div>\n<\/div><\/div>\n<\/div>\n\n\n\n<div class=\"wp-block-column ticss-a5b4df29 is-layout-flow wp-block-column-is-layout-flow\">\n<div class=\"wp-block-group has-nv-site-bg-background-color has-background\"><div class=\"wp-block-group__inner-container is-layout-flow wp-block-group-is-layout-flow\">\n<div style=\"height:24px\" aria-hidden=\"true\" class=\"wp-block-spacer\"><\/div>\n\n\n<div class=\"wp-block-image icon-style is-style-default\">\n<figure class=\"aligncenter size-large\"><img loading=\"lazy\" decoding=\"async\" width=\"63\" height=\"63\" src=\"http:\/\/webcraftinglab.com\/wp-content\/uploads\/2021\/06\/phone-sm.png\" alt=\"\" class=\"wp-image-304\"\/><\/figure><\/div>\n\n\n<div style=\"height:24px\" aria-hidden=\"true\" class=\"wp-block-spacer\"><\/div>\n\n\n\n<h3 class=\"wp-block-heading has-text-align-center has-neve-text-color-color has-text-color\">Phone<\/h3>\n\n\n\n<p class=\"has-text-align-center has-neve-text-color-color has-text-color\" style=\"font-size:15px\">611.033.650 | Monday to Friday<\/p>\n\n\n\n<div style=\"height:24px\" aria-hidden=\"true\" class=\"wp-block-spacer\"><\/div>\n<\/div><\/div>\n<\/div>\n<\/div>\n\n\n\n<div style=\"height:30px\" aria-hidden=\"true\" class=\"wp-block-spacer\"><\/div>\n<\/div><\/div>","protected":false},"excerpt":{"rendered":"<p>Nuestros precios No solo somos muy buenos y r\u00e1pidos si no que adem\u00e1s somos incre\u00edblemente economicos! Para empezar nuestro precios incluyen siempre los costes fijos de cualquier web: dominio (.com\/.es) alojamiento y certificado SSL. Aunque si lo prefieres por tranquilidad, siempre puedes adquirir el dominio por tu cuenta o incluso es posible que ya lo&hellip;&nbsp;<a href=\"https:\/\/webcraftinglab.com\/en\/precios\/\" rel=\"bookmark\">Read More &raquo;<span class=\"screen-reader-text\">Pricing<\/span><\/a><\/p>","protected":false},"author":1,"featured_media":0,"parent":0,"menu_order":0,"comment_status":"closed","ping_status":"closed","template":"","meta":{"neve_meta_sidebar":"","neve_meta_container":"","neve_meta_enable_content_width":"","neve_meta_content_width":0,"neve_meta_title_alignment":"","neve_meta_author_avatar":"","neve_post_elements_order":"","neve_meta_disable_header":"","neve_meta_disable_footer":"","neve_meta_disable_title":"","_themeisle_gutenberg_block_has_review":false,"footnotes":""},"class_list":["post-577","page","type-page","status-publish","hentry"],"yoast_head":"<!-- This site is optimized with the Yoast SEO plugin v25.3.1 - https:\/\/yoast.com\/wordpress\/plugins\/seo\/ -->\n<title>Precios - Web Crafting Lab<\/title>\n<meta name=\"description\" content=\"Consulta nuestros Orecios para p\u00e1ginas web. Planes flexibles para PYMES, adaptados a tus necesidades y presupuesto.\" \/>\n<meta name=\"robots\" content=\"index, follow, max-snippet:-1, max-image-preview:large, max-video-preview:-1\" \/>\n<link rel=\"canonical\" href=\"https:\/\/webcraftinglab.com\/en\/precios\/\" \/>\n<meta property=\"og:locale\" content=\"en_US\" \/>\n<meta property=\"og:type\" content=\"article\" \/>\n<meta property=\"og:title\" content=\"Precios - Web Crafting Lab\" \/>\n<meta property=\"og:description\" content=\"Consulta nuestros Orecios para p\u00e1ginas web. Planes flexibles para PYMES, adaptados a tus necesidades y presupuesto.\" \/>\n<meta property=\"og:url\" content=\"https:\/\/webcraftinglab.com\/en\/precios\/\" \/>\n<meta property=\"og:site_name\" content=\"Web Crafting Lab\" \/>\n<meta property=\"article:modified_time\" content=\"2024-11-08T05:03:54+00:00\" \/>\n<meta property=\"og:image\" content=\"https:\/\/webcraftinglab.com\/wp-content\/uploads\/2023\/11\/basic-pack.png\" \/>\n\t<meta property=\"og:image:width\" content=\"549\" \/>\n\t<meta property=\"og:image:height\" content=\"283\" \/>\n\t<meta property=\"og:image:type\" content=\"image\/png\" \/>\n<meta name=\"twitter:card\" content=\"summary_large_image\" \/>\n<meta name=\"twitter:label1\" content=\"Est. reading time\" \/>\n\t<meta name=\"twitter:data1\" content=\"5 minutes\" \/>\n<script type=\"application\/ld+json\" class=\"yoast-schema-graph\">{\"@context\":\"https:\/\/schema.org\",\"@graph\":[{\"@type\":\"WebPage\",\"@id\":\"https:\/\/webcraftinglab.com\/precios\/\",\"url\":\"https:\/\/webcraftinglab.com\/precios\/\",\"name\":\"Precios - Web Crafting Lab\",\"isPartOf\":{\"@id\":\"https:\/\/webcraftinglab.com\/es\/#website\"},\"primaryImageOfPage\":{\"@id\":\"https:\/\/webcraftinglab.com\/precios\/#primaryimage\"},\"image\":{\"@id\":\"https:\/\/webcraftinglab.com\/precios\/#primaryimage\"},\"thumbnailUrl\":\"http:\/\/webcraftinglab.com\/wp-content\/uploads\/2023\/11\/basic-pack-300x155.png\",\"datePublished\":\"2024-08-07T07:37:17+00:00\",\"dateModified\":\"2024-11-08T05:03:54+00:00\",\"description\":\"Consulta nuestros Orecios para p\u00e1ginas web. Planes flexibles para PYMES, adaptados a tus necesidades y presupuesto.\",\"breadcrumb\":{\"@id\":\"https:\/\/webcraftinglab.com\/precios\/#breadcrumb\"},\"inLanguage\":\"en-US\",\"potentialAction\":[{\"@type\":\"ReadAction\",\"target\":[\"https:\/\/webcraftinglab.com\/precios\/\"]}]},{\"@type\":\"ImageObject\",\"inLanguage\":\"en-US\",\"@id\":\"https:\/\/webcraftinglab.com\/precios\/#primaryimage\",\"url\":\"http:\/\/webcraftinglab.com\/wp-content\/uploads\/2023\/11\/basic-pack-300x155.png\",\"contentUrl\":\"http:\/\/webcraftinglab.com\/wp-content\/uploads\/2023\/11\/basic-pack-300x155.png\"},{\"@type\":\"BreadcrumbList\",\"@id\":\"https:\/\/webcraftinglab.com\/precios\/#breadcrumb\",\"itemListElement\":[{\"@type\":\"ListItem\",\"position\":1,\"name\":\"Portada\",\"item\":\"https:\/\/webcraftinglab.com\/\"},{\"@type\":\"ListItem\",\"position\":2,\"name\":\"Precios\"}]},{\"@type\":\"WebSite\",\"@id\":\"https:\/\/webcraftinglab.com\/es\/#website\",\"url\":\"https:\/\/webcraftinglab.com\/es\/\",\"name\":\"WebCraftingLAB\",\"description\":\"Construyendo P\u00e1ginas Web\",\"publisher\":{\"@id\":\"https:\/\/webcraftinglab.com\/es\/#organization\"},\"potentialAction\":[{\"@type\":\"SearchAction\",\"target\":{\"@type\":\"EntryPoint\",\"urlTemplate\":\"https:\/\/webcraftinglab.com\/es\/?s={search_term_string}\"},\"query-input\":{\"@type\":\"PropertyValueSpecification\",\"valueRequired\":true,\"valueName\":\"search_term_string\"}}],\"inLanguage\":\"en-US\"},{\"@type\":\"Organization\",\"@id\":\"https:\/\/webcraftinglab.com\/es\/#organization\",\"name\":\"WebCraftingLAB\",\"url\":\"https:\/\/webcraftinglab.com\/es\/\",\"logo\":{\"@type\":\"ImageObject\",\"inLanguage\":\"en-US\",\"@id\":\"https:\/\/webcraftinglab.com\/es\/#\/schema\/logo\/image\/\",\"url\":\"https:\/\/webcraftinglab.com\/wp-content\/uploads\/2023\/11\/WebCraftingLab-Logo.png\",\"contentUrl\":\"https:\/\/webcraftinglab.com\/wp-content\/uploads\/2023\/11\/WebCraftingLab-Logo.png\",\"width\":1024,\"height\":72,\"caption\":\"WebCraftingLAB\"},\"image\":{\"@id\":\"https:\/\/webcraftinglab.com\/es\/#\/schema\/logo\/image\/\"}}]}<\/script>\n<!-- \/ Yoast SEO plugin. -->","yoast_head_json":{"title":"Precios - Web Crafting Lab","description":"Consulta nuestros Orecios para p\u00e1ginas web. Planes flexibles para PYMES, adaptados a tus necesidades y presupuesto.","robots":{"index":"index","follow":"follow","max-snippet":"max-snippet:-1","max-image-preview":"max-image-preview:large","max-video-preview":"max-video-preview:-1"},"canonical":"https:\/\/webcraftinglab.com\/en\/precios\/","og_locale":"en_US","og_type":"article","og_title":"Precios - Web Crafting Lab","og_description":"Consulta nuestros Orecios para p\u00e1ginas web. Planes flexibles para PYMES, adaptados a tus necesidades y presupuesto.","og_url":"https:\/\/webcraftinglab.com\/en\/precios\/","og_site_name":"Web Crafting Lab","article_modified_time":"2024-11-08T05:03:54+00:00","og_image":[{"width":549,"height":283,"url":"https:\/\/webcraftinglab.com\/wp-content\/uploads\/2023\/11\/basic-pack.png","type":"image\/png"}],"twitter_card":"summary_large_image","twitter_misc":{"Est. reading time":"5 minutes"},"schema":{"@context":"https:\/\/schema.org","@graph":[{"@type":"WebPage","@id":"https:\/\/webcraftinglab.com\/precios\/","url":"https:\/\/webcraftinglab.com\/precios\/","name":"Precios - Web Crafting Lab","isPartOf":{"@id":"https:\/\/webcraftinglab.com\/es\/#website"},"primaryImageOfPage":{"@id":"https:\/\/webcraftinglab.com\/precios\/#primaryimage"},"image":{"@id":"https:\/\/webcraftinglab.com\/precios\/#primaryimage"},"thumbnailUrl":"http:\/\/webcraftinglab.com\/wp-content\/uploads\/2023\/11\/basic-pack-300x155.png","datePublished":"2024-08-07T07:37:17+00:00","dateModified":"2024-11-08T05:03:54+00:00","description":"Consulta nuestros Orecios para p\u00e1ginas web. Planes flexibles para PYMES, adaptados a tus necesidades y presupuesto.","breadcrumb":{"@id":"https:\/\/webcraftinglab.com\/precios\/#breadcrumb"},"inLanguage":"en-US","potentialAction":[{"@type":"ReadAction","target":["https:\/\/webcraftinglab.com\/precios\/"]}]},{"@type":"ImageObject","inLanguage":"en-US","@id":"https:\/\/webcraftinglab.com\/precios\/#primaryimage","url":"http:\/\/webcraftinglab.com\/wp-content\/uploads\/2023\/11\/basic-pack-300x155.png","contentUrl":"http:\/\/webcraftinglab.com\/wp-content\/uploads\/2023\/11\/basic-pack-300x155.png"},{"@type":"BreadcrumbList","@id":"https:\/\/webcraftinglab.com\/precios\/#breadcrumb","itemListElement":[{"@type":"ListItem","position":1,"name":"Portada","item":"https:\/\/webcraftinglab.com\/"},{"@type":"ListItem","position":2,"name":"Precios"}]},{"@type":"WebSite","@id":"https:\/\/webcraftinglab.com\/es\/#website","url":"https:\/\/webcraftinglab.com\/es\/","name":"WebCraftingLAB","description":"Construyendo P\u00e1ginas Web","publisher":{"@id":"https:\/\/webcraftinglab.com\/es\/#organization"},"potentialAction":[{"@type":"SearchAction","target":{"@type":"EntryPoint","urlTemplate":"https:\/\/webcraftinglab.com\/es\/?s={search_term_string}"},"query-input":{"@type":"PropertyValueSpecification","valueRequired":true,"valueName":"search_term_string"}}],"inLanguage":"en-US"},{"@type":"Organization","@id":"https:\/\/webcraftinglab.com\/es\/#organization","name":"WebCraftingLAB","url":"https:\/\/webcraftinglab.com\/es\/","logo":{"@type":"ImageObject","inLanguage":"en-US","@id":"https:\/\/webcraftinglab.com\/es\/#\/schema\/logo\/image\/","url":"https:\/\/webcraftinglab.com\/wp-content\/uploads\/2023\/11\/WebCraftingLab-Logo.png","contentUrl":"https:\/\/webcraftinglab.com\/wp-content\/uploads\/2023\/11\/WebCraftingLab-Logo.png","width":1024,"height":72,"caption":"WebCraftingLAB"},"image":{"@id":"https:\/\/webcraftinglab.com\/es\/#\/schema\/logo\/image\/"}}]}},"_links":{"self":[{"href":"https:\/\/webcraftinglab.com\/en\/wp-json\/wp\/v2\/pages\/577","targetHints":{"allow":["GET"]}}],"collection":[{"href":"https:\/\/webcraftinglab.com\/en\/wp-json\/wp\/v2\/pages"}],"about":[{"href":"https:\/\/webcraftinglab.com\/en\/wp-json\/wp\/v2\/types\/page"}],"author":[{"embeddable":true,"href":"https:\/\/webcraftinglab.com\/en\/wp-json\/wp\/v2\/users\/1"}],"replies":[{"embeddable":true,"href":"https:\/\/webcraftinglab.com\/en\/wp-json\/wp\/v2\/comments?post=577"}],"version-history":[{"count":44,"href":"https:\/\/webcraftinglab.com\/en\/wp-json\/wp\/v2\/pages\/577\/revisions"}],"predecessor-version":[{"id":1126,"href":"https:\/\/webcraftinglab.com\/en\/wp-json\/wp\/v2\/pages\/577\/revisions\/1126"}],"wp:attachment":[{"href":"https:\/\/webcraftinglab.com\/en\/wp-json\/wp\/v2\/media?parent=577"}],"curies":[{"name":"wp","href":"https:\/\/api.w.org\/{rel}","templated":true}]}}