{"id":75,"date":"2020-01-27T08:29:32","date_gmt":"2020-01-27T08:29:32","guid":{"rendered":"https:\/\/demosites.io\/web-agency-gb\/?page_id=75"},"modified":"2024-11-08T06:00:13","modified_gmt":"2024-11-08T05:00:13","slug":"contacto","status":"publish","type":"page","link":"https:\/\/webcraftinglab.com\/en\/contacto\/","title":{"rendered":"Contact"},"content":{"rendered":"<div class=\"wp-block-columns is-layout-flex wp-container-core-columns-is-layout-9d6595d7 wp-block-columns-is-layout-flex\">\n<div class=\"wp-block-column is-layout-flow wp-block-column-is-layout-flow\">\n<div style=\"height:100px\" aria-hidden=\"true\" class=\"wp-block-spacer\"><\/div>\n\n\n\n<h1 class=\"wp-block-heading\">Contact<\/h1>\n\n\n\n<p>You Have Multiple Ways to Contact Us\u2026 <br>You can fill out the contact form, call me, write me on WhatsApp, or send me an email. <\/p>\n\n\n\n<p><strong>Don\u2019t hesitate, let\u2019s make your website work for you and fit your needs perfectly!<\/strong><\/p>\n<\/div>\n<\/div>\n\n\n\n<div style=\"height:34px\" aria-hidden=\"true\" class=\"wp-block-spacer\"><\/div>\n\n\n\n<div class=\"wp-block-cover alignfull\" style=\"min-height:869px;aspect-ratio:unset;\"><span aria-hidden=\"true\" class=\"wp-block-cover__background has-nv-dark-bg-background-color has-background-dim-100 has-background-dim\"><\/span><div class=\"wp-block-cover__inner-container is-layout-flow wp-block-cover-is-layout-flow\">\n<div class=\"wp-block-group\"><div class=\"wp-block-group__inner-container is-layout-flow wp-block-group-is-layout-flow\">\n<div style=\"height:22px\" aria-hidden=\"true\" class=\"wp-block-spacer\"><\/div>\n\n\n\n<div class=\"wp-block-columns is-layout-flex wp-container-core-columns-is-layout-9d6595d7 wp-block-columns-is-layout-flex\">\n<div class=\"wp-block-column is-layout-flow wp-block-column-is-layout-flow\" style=\"flex-basis:50%\">\n<div style=\"height:25px\" aria-hidden=\"true\" class=\"wp-block-spacer\"><\/div>\n\n\n\n<h2 class=\"wp-block-heading has-nv-text-dark-bg-color has-text-color\">Contact Form: Send me a message...<\/h2>\n\n\n\n<p class=\"has-nv-site-bg-color has-text-color has-link-color wp-elements-880bb06ccf990eaa54f91c5a91d0110c\">If you prefer, you can also <a href=\"https:\/\/webcraftinglab.com\/en\/index.php\/solicitud-de-presupuesto\/\">request your quote<\/a> by providing a bit more information about your needs <a href=\"https:\/\/webcraftinglab.com\/en\/index.php\/solicitud-de-presupuesto\/\">here<\/a>.<\/p>\n\n\n\n<p class=\"has-white-color has-text-color\">I will respond as soon as possible, usually within the next 48 hours\u2026 tick, tock!<\/p>\n<\/div>\n\n\n\n<div class=\"wp-block-column is-vertically-aligned-center is-layout-flow wp-block-column-is-layout-flow\" style=\"flex-basis:50%\"><style id=\"wpforms-css-vars-597-block-b0301a41-966d-4252-bbba-5ad64fbae869\">\n\t\t\t\t#wpforms-597.wpforms-block-b0301a41-966d-4252-bbba-5ad64fbae869 {\n\t\t\t\t--wpforms-label-color: var(--nv-site-bg);\n--wpforms-label-sublabel-color: var(--nv-light-bg);\n--wpforms-button-background-color: var(--nv-primary-accent);\n--wpforms-button-text-color: var(--nv-dark-bg);\n--wpforms-field-size-input-height: 43px;\n--wpforms-field-size-input-spacing: 15px;\n--wpforms-field-size-font-size: 16px;\n--wpforms-field-size-line-height: 19px;\n--wpforms-field-size-padding-h: 14px;\n--wpforms-field-size-checkbox-size: 16px;\n--wpforms-field-size-sublabel-spacing: 5px;\n--wpforms-field-size-icon-size: 1;\n--wpforms-label-size-font-size: 16px;\n--wpforms-label-size-line-height: 19px;\n--wpforms-label-size-sublabel-font-size: 14px;\n--wpforms-label-size-sublabel-line-height: 17px;\n--wpforms-button-size-font-size: 17px;\n--wpforms-button-size-height: 41px;\n--wpforms-button-size-padding-h: 15px;\n--wpforms-button-size-margin-top: 10px;\n\n\t\t\t}\n\t\t\t<\/style><div class=\"wpforms-container wpforms-container-full wpforms-block wpforms-block-b0301a41-966d-4252-bbba-5ad64fbae869 wpforms-render-modern\" id=\"wpforms-597\"><form id=\"wpforms-form-597\" class=\"wpforms-validate wpforms-form wpforms-ajax-form\" data-formid=\"597\" method=\"post\" enctype=\"multipart\/form-data\" action=\"\/en\/wp-json\/wp\/v2\/pages\/75\" data-token=\"e6a639c18fe497d64090a1ac7e8a4f76\" data-token-time=\"1775269487\" data-trp-original-action=\"\/en\/wp-json\/wp\/v2\/pages\/75\"><noscript class=\"wpforms-error-noscript\">Please enable JavaScript in your browser to complete this form.<\/noscript><div class=\"wpforms-hidden\" id=\"wpforms-error-noscript\">Please enable JavaScript in your browser to complete this form.<\/div><div class=\"wpforms-field-container\"><div id=\"wpforms-597-field_0-container\" class=\"wpforms-field wpforms-field-name\" data-field-id=\"0\"><fieldset><legend class=\"wpforms-field-label\">Name <span class=\"wpforms-required-label\" aria-hidden=\"true\">*<\/span><\/legend><div class=\"wpforms-field-row wpforms-field-large\"><div class=\"wpforms-field-row-block wpforms-first wpforms-one-half\"><input type=\"text\" id=\"wpforms-597-field_0\" class=\"wpforms-field-name-first wpforms-field-required\" name=\"wpforms[fields][0][first]\" aria-errormessage=\"wpforms-597-field_0-error\" required><label for=\"wpforms-597-field_0\" class=\"wpforms-field-sublabel after\">First<\/label><\/div><div class=\"wpforms-field-row-block wpforms-one-half\"><input type=\"text\" id=\"wpforms-597-field_0-last\" class=\"wpforms-field-name-last wpforms-field-required\" name=\"wpforms[fields][0][last]\" aria-errormessage=\"wpforms-597-field_0-last-error\" required><label for=\"wpforms-597-field_0-last\" class=\"wpforms-field-sublabel after\">Last<\/label><\/div><\/div><\/fieldset><\/div>\t\t<div id=\"wpforms-597-field_3-container\"\n\t\t\tclass=\"wpforms-field wpforms-field-text\"\n\t\t\tdata-field-type=\"text\"\n\t\t\tdata-field-id=\"3\"\n\t\t\t>\n\t\t\t<label class=\"wpforms-field-label\" for=\"wpforms-597-field_3\" >Tel\u00e9fono o electr\u00f3nico<\/label>\n\t\t\t<input type=\"text\" id=\"wpforms-597-field_3\" class=\"wpforms-field-medium\" name=\"wpforms[fields][3]\" >\n\t\t<\/div>\n\t\t<div id=\"wpforms-597-field_4-container\" class=\"wpforms-field wpforms-field-text\" data-field-id=\"4\"><label class=\"wpforms-field-label\" for=\"wpforms-597-field_4\">Phone<\/label><input type=\"text\" id=\"wpforms-597-field_4\" class=\"wpforms-field-large\" name=\"wpforms[fields][4]\" aria-errormessage=\"wpforms-597-field_4-error\" ><\/div><div id=\"wpforms-597-field_1-container\" class=\"wpforms-field wpforms-field-email\" data-field-id=\"1\"><label class=\"wpforms-field-label\" for=\"wpforms-597-field_1\">E-mail <span class=\"wpforms-required-label\" aria-hidden=\"true\">*<\/span><\/label><input type=\"email\" id=\"wpforms-597-field_1\" class=\"wpforms-field-large wpforms-field-required\" name=\"wpforms[fields][1]\" spellcheck=\"false\" aria-errormessage=\"wpforms-597-field_1-error\" required><\/div><div id=\"wpforms-597-field_2-container\" class=\"wpforms-field wpforms-field-textarea\" data-field-id=\"2\"><label class=\"wpforms-field-label\" for=\"wpforms-597-field_2\">Comment or message<\/label><textarea id=\"wpforms-597-field_2\" class=\"wpforms-field-medium\" name=\"wpforms[fields][2]\" aria-errormessage=\"wpforms-597-field_2-error\" ><\/textarea><\/div><div id=\"wpforms-597-field_5-container\" class=\"wpforms-field wpforms-field-checkbox\" data-field-id=\"5\"><fieldset><legend class=\"wpforms-field-label wpforms-label-hide\" aria-hidden=\"false\">Pol\u00edtica privacidad<\/legend><ul id=\"wpforms-597-field_5\"><li class=\"choice-1 depth-1\"><input type=\"checkbox\" id=\"wpforms-597-field_5_1\" name=\"wpforms[fields][5][]\" value=\"He le\u00eddo y acepto la pol\u00edtica de privacidad.\" aria-errormessage=\"wpforms-597-field_5_1-error\" aria-describedby=\"wpforms-597-field_5-description\"  ><label class=\"wpforms-field-label-inline\" for=\"wpforms-597-field_5_1\">He le\u00eddo y acepto la pol\u00edtica de privacidad.<\/label><\/li><\/ul><div id=\"wpforms-597-field_5-description\" class=\"wpforms-field-description\">Por favor, si a\u00fan no lo has hecho, echa un vistazo a nuestra <a href=\"https:\/\/webcraftinglab.com\/index.php\/politica-privacidad\/\" target=\"_blank\">pol\u00edtica de privacidad<\/a>.<\/p><\/div><\/fieldset><\/div><script>\n\t\t\t\t( function() {\n\t\t\t\t\tconst style = document.createElement( 'style' );\n\t\t\t\t\tstyle.appendChild( document.createTextNode( '#wpforms-597-field_3-container { position: absolute !important; overflow: hidden !important; display: inline !important; height: 1px !important; width: 1px !important; z-index: -1000 !important; padding: 0 !important; } #wpforms-597-field_3-container input { visibility: hidden; } #wpforms-conversational-form-page #wpforms-597-field_3-container label { counter-increment: none; }' ) );\n\t\t\t\t\tdocument.head.appendChild( style );\n\t\t\t\t\tdocument.currentScript?.remove();\n\t\t\t\t} )();\n\t\t\t<\/script><\/div><!-- .wpforms-field-container --><div class=\"wpforms-recaptcha-container wpforms-is-recaptcha wpforms-is-recaptcha-type-v3\" ><input type=\"hidden\" name=\"wpforms[recaptcha]\" value=\"\"><\/div><div class=\"wpforms-submit-container\" ><input type=\"hidden\" name=\"wpforms[id]\" value=\"597\"><input type=\"hidden\" name=\"page_title\" value=\"\"><input type=\"hidden\" name=\"page_url\" value=\"https:\/\/webcraftinglab.com\/en\/wp-json\/wp\/v2\/pages\/75\"><input type=\"hidden\" name=\"url_referer\" value=\"\"><button type=\"submit\" name=\"wpforms[submit]\" id=\"wpforms-submit-597\" class=\"wpforms-submit\" data-alt-text=\"Enviando...\" data-submit-text=\"Enviar\" aria-live=\"assertive\" value=\"wpforms-submit\">SEND<\/button><img loading=\"lazy\" decoding=\"async\" src=\"https:\/\/webcraftinglab.com\/wp-content\/plugins\/wpforms-lite\/assets\/images\/submit-spin.svg\" class=\"wpforms-submit-spinner\" style=\"display: none;\" width=\"26\" height=\"26\" alt=\"Loading\"><\/div><input type=\"hidden\" name=\"trp-form-language\" value=\"en\"\/><\/form><\/div>  <!-- .wpforms-container --><\/div>\n<\/div>\n\n\n\n<div style=\"height:20px\" aria-hidden=\"true\" class=\"wp-block-spacer\"><\/div>\n<\/div><\/div>\n<\/div><\/div>\n\n\n\n<div class=\"wp-block-cover alignfull\" style=\"min-height:420px;aspect-ratio:unset;\"><span aria-hidden=\"true\" class=\"wp-block-cover__background has-nv-light-bg-background-color has-background-dim-100 has-background-dim\"><\/span><div class=\"wp-block-cover__inner-container is-layout-flow wp-block-cover-is-layout-flow\">\n<div style=\"height:80px\" aria-hidden=\"true\" class=\"wp-block-spacer\"><\/div>\n\n\n\n<div class=\"wp-block-columns is-layout-flex wp-container-core-columns-is-layout-9d6595d7 wp-block-columns-is-layout-flex\">\n<div class=\"wp-block-column ticss-4ce656f1 is-layout-flow wp-block-column-is-layout-flow\">\n<div class=\"wp-block-group has-nv-site-bg-background-color has-background\"><div class=\"wp-block-group__inner-container is-layout-flow wp-block-group-is-layout-flow\">\n<div style=\"height:24px\" aria-hidden=\"true\" class=\"wp-block-spacer\"><\/div>\n\n\n<div class=\"wp-block-image icon-style is-style-default\">\n<figure class=\"aligncenter size-large is-resized\"><img loading=\"lazy\" decoding=\"async\" width=\"65\" height=\"65\" src=\"http:\/\/webcraftinglab.com\/wp-content\/uploads\/2021\/06\/email-sm.png\" alt=\"Contacto correo electr\u00f3nico\" class=\"wp-image-306\" style=\"width:63px;height:auto\"\/><\/figure><\/div>\n\n\n<div style=\"height:24px\" aria-hidden=\"true\" class=\"wp-block-spacer\"><\/div>\n\n\n\n<h3 class=\"wp-block-heading has-text-align-center has-neve-text-color-color has-text-color\">E-mail<\/h3>\n\n\n\n<p class=\"has-text-align-center has-neve-text-color-color has-text-color\" style=\"font-size:15px\">info@webcraftinglab.com<\/p>\n\n\n\n<div style=\"height:24px\" aria-hidden=\"true\" class=\"wp-block-spacer\"><\/div>\n<\/div><\/div>\n<\/div>\n\n\n\n<div class=\"wp-block-column ticss-a5b4df29 is-layout-flow wp-block-column-is-layout-flow\">\n<div class=\"wp-block-group has-nv-site-bg-background-color has-background\"><div class=\"wp-block-group__inner-container is-layout-flow wp-block-group-is-layout-flow\">\n<div style=\"height:24px\" aria-hidden=\"true\" class=\"wp-block-spacer\"><\/div>\n\n\n<div class=\"wp-block-image icon-style is-style-default\">\n<figure class=\"aligncenter size-large\"><img loading=\"lazy\" decoding=\"async\" width=\"63\" height=\"63\" src=\"http:\/\/webcraftinglab.com\/wp-content\/uploads\/2021\/06\/phone-sm.png\" alt=\"Contacto tel\u00e9fono y whatsapp\" class=\"wp-image-304\"\/><\/figure><\/div>\n\n\n<div style=\"height:24px\" aria-hidden=\"true\" class=\"wp-block-spacer\"><\/div>\n\n\n\n<h3 class=\"wp-block-heading has-text-align-center has-neve-text-color-color has-text-color\">Whatsapp<\/h3>\n\n\n\n<p class=\"has-text-align-center has-neve-text-color-color has-text-color\" style=\"font-size:15px\">611.033.650 | Monday to Friday<\/p>\n\n\n\n<div style=\"height:24px\" aria-hidden=\"true\" class=\"wp-block-spacer\"><\/div>\n<\/div><\/div>\n<\/div>\n<\/div>\n\n\n\n<div style=\"height:30px\" aria-hidden=\"true\" class=\"wp-block-spacer\"><\/div>\n<\/div><\/div>","protected":false},"excerpt":{"rendered":"<p>Contacto Tienes m\u00faltiples formas de contactarnos &#8230; puedes rellenar el formulario de contacto, llamarme, escribirme por WhatsApp o mandarme un correo electr\u00f3nico. \u00a1No te lo pienses m\u00e1s, hagamos que tu sitio web funcione para ti y se ajuste exactamente a tus necesidades!<\/p>","protected":false},"author":1,"featured_media":0,"parent":0,"menu_order":0,"comment_status":"closed","ping_status":"closed","template":"","meta":{"neve_meta_sidebar":"default","neve_meta_container":"","neve_meta_enable_content_width":"on","neve_meta_content_width":100,"neve_meta_title_alignment":"","neve_meta_author_avatar":"","neve_post_elements_order":"","neve_meta_disable_header":"","neve_meta_disable_footer":"","neve_meta_disable_title":"on","_themeisle_gutenberg_block_has_review":false,"footnotes":""},"class_list":["post-75","page","type-page","status-publish","hentry"],"yoast_head":"<!-- This site is optimized with the Yoast SEO plugin v25.3.1 - https:\/\/yoast.com\/wordpress\/plugins\/seo\/ -->\n<title>Contacto - Web Crafting Lab<\/title>\n<meta name=\"description\" content=\"Tienes m\u00faltiples formas de contactarnos ... contacto: formulario de contacto, tel\u00e9fono, correo electr\u00f3nico o WhatsApp.\" \/>\n<meta name=\"robots\" content=\"index, follow, max-snippet:-1, max-image-preview:large, max-video-preview:-1\" \/>\n<link rel=\"canonical\" href=\"https:\/\/webcraftinglab.com\/en\/contacto\/\" \/>\n<meta property=\"og:locale\" content=\"en_US\" \/>\n<meta property=\"og:type\" content=\"article\" \/>\n<meta property=\"og:title\" content=\"Contacto - Web Crafting Lab\" \/>\n<meta property=\"og:description\" content=\"Tienes m\u00faltiples formas de contactarnos ... contacto: formulario de contacto, tel\u00e9fono, correo electr\u00f3nico o WhatsApp.\" \/>\n<meta property=\"og:url\" content=\"https:\/\/webcraftinglab.com\/en\/contacto\/\" \/>\n<meta property=\"og:site_name\" content=\"Web Crafting Lab\" \/>\n<meta property=\"article:modified_time\" content=\"2024-11-08T05:00:13+00:00\" \/>\n<meta property=\"og:image\" content=\"http:\/\/webcraftinglab.com\/wp-content\/uploads\/2021\/06\/email-sm.png\" \/>\n<meta name=\"twitter:card\" content=\"summary_large_image\" \/>\n<meta name=\"twitter:label1\" content=\"Est. reading time\" \/>\n\t<meta name=\"twitter:data1\" content=\"1 minute\" \/>\n<script type=\"application\/ld+json\" class=\"yoast-schema-graph\">{\"@context\":\"https:\/\/schema.org\",\"@graph\":[{\"@type\":\"WebPage\",\"@id\":\"https:\/\/webcraftinglab.com\/contacto\/\",\"url\":\"https:\/\/webcraftinglab.com\/contacto\/\",\"name\":\"Contacto - Web Crafting Lab\",\"isPartOf\":{\"@id\":\"https:\/\/webcraftinglab.com\/es\/#website\"},\"primaryImageOfPage\":{\"@id\":\"https:\/\/webcraftinglab.com\/contacto\/#primaryimage\"},\"image\":{\"@id\":\"https:\/\/webcraftinglab.com\/contacto\/#primaryimage\"},\"thumbnailUrl\":\"http:\/\/webcraftinglab.com\/wp-content\/uploads\/2021\/06\/email-sm.png\",\"datePublished\":\"2020-01-27T08:29:32+00:00\",\"dateModified\":\"2024-11-08T05:00:13+00:00\",\"description\":\"Tienes m\u00faltiples formas de contactarnos ... contacto: formulario de contacto, tel\u00e9fono, correo electr\u00f3nico o WhatsApp.\",\"breadcrumb\":{\"@id\":\"https:\/\/webcraftinglab.com\/contacto\/#breadcrumb\"},\"inLanguage\":\"en-US\",\"potentialAction\":[{\"@type\":\"ReadAction\",\"target\":[\"https:\/\/webcraftinglab.com\/contacto\/\"]}]},{\"@type\":\"ImageObject\",\"inLanguage\":\"en-US\",\"@id\":\"https:\/\/webcraftinglab.com\/contacto\/#primaryimage\",\"url\":\"http:\/\/webcraftinglab.com\/wp-content\/uploads\/2021\/06\/email-sm.png\",\"contentUrl\":\"http:\/\/webcraftinglab.com\/wp-content\/uploads\/2021\/06\/email-sm.png\"},{\"@type\":\"BreadcrumbList\",\"@id\":\"https:\/\/webcraftinglab.com\/contacto\/#breadcrumb\",\"itemListElement\":[{\"@type\":\"ListItem\",\"position\":1,\"name\":\"Portada\",\"item\":\"https:\/\/webcraftinglab.com\/\"},{\"@type\":\"ListItem\",\"position\":2,\"name\":\"Contacto\"}]},{\"@type\":\"WebSite\",\"@id\":\"https:\/\/webcraftinglab.com\/es\/#website\",\"url\":\"https:\/\/webcraftinglab.com\/es\/\",\"name\":\"WebCraftingLAB\",\"description\":\"Construyendo P\u00e1ginas Web\",\"publisher\":{\"@id\":\"https:\/\/webcraftinglab.com\/es\/#organization\"},\"potentialAction\":[{\"@type\":\"SearchAction\",\"target\":{\"@type\":\"EntryPoint\",\"urlTemplate\":\"https:\/\/webcraftinglab.com\/es\/?s={search_term_string}\"},\"query-input\":{\"@type\":\"PropertyValueSpecification\",\"valueRequired\":true,\"valueName\":\"search_term_string\"}}],\"inLanguage\":\"en-US\"},{\"@type\":\"Organization\",\"@id\":\"https:\/\/webcraftinglab.com\/es\/#organization\",\"name\":\"WebCraftingLAB\",\"url\":\"https:\/\/webcraftinglab.com\/es\/\",\"logo\":{\"@type\":\"ImageObject\",\"inLanguage\":\"en-US\",\"@id\":\"https:\/\/webcraftinglab.com\/es\/#\/schema\/logo\/image\/\",\"url\":\"https:\/\/webcraftinglab.com\/wp-content\/uploads\/2023\/11\/WebCraftingLab-Logo.png\",\"contentUrl\":\"https:\/\/webcraftinglab.com\/wp-content\/uploads\/2023\/11\/WebCraftingLab-Logo.png\",\"width\":1024,\"height\":72,\"caption\":\"WebCraftingLAB\"},\"image\":{\"@id\":\"https:\/\/webcraftinglab.com\/es\/#\/schema\/logo\/image\/\"}}]}<\/script>\n<!-- \/ Yoast SEO plugin. -->","yoast_head_json":{"title":"Contacto - Web Crafting Lab","description":"Tienes m\u00faltiples formas de contactarnos ... contacto: formulario de contacto, tel\u00e9fono, correo electr\u00f3nico o WhatsApp.","robots":{"index":"index","follow":"follow","max-snippet":"max-snippet:-1","max-image-preview":"max-image-preview:large","max-video-preview":"max-video-preview:-1"},"canonical":"https:\/\/webcraftinglab.com\/en\/contacto\/","og_locale":"en_US","og_type":"article","og_title":"Contacto - Web Crafting Lab","og_description":"Tienes m\u00faltiples formas de contactarnos ... contacto: formulario de contacto, tel\u00e9fono, correo electr\u00f3nico o WhatsApp.","og_url":"https:\/\/webcraftinglab.com\/en\/contacto\/","og_site_name":"Web Crafting Lab","article_modified_time":"2024-11-08T05:00:13+00:00","og_image":[{"url":"http:\/\/webcraftinglab.com\/wp-content\/uploads\/2021\/06\/email-sm.png","type":"","width":"","height":""}],"twitter_card":"summary_large_image","twitter_misc":{"Est. reading time":"1 minute"},"schema":{"@context":"https:\/\/schema.org","@graph":[{"@type":"WebPage","@id":"https:\/\/webcraftinglab.com\/contacto\/","url":"https:\/\/webcraftinglab.com\/contacto\/","name":"Contacto - Web Crafting Lab","isPartOf":{"@id":"https:\/\/webcraftinglab.com\/es\/#website"},"primaryImageOfPage":{"@id":"https:\/\/webcraftinglab.com\/contacto\/#primaryimage"},"image":{"@id":"https:\/\/webcraftinglab.com\/contacto\/#primaryimage"},"thumbnailUrl":"http:\/\/webcraftinglab.com\/wp-content\/uploads\/2021\/06\/email-sm.png","datePublished":"2020-01-27T08:29:32+00:00","dateModified":"2024-11-08T05:00:13+00:00","description":"Tienes m\u00faltiples formas de contactarnos ... contacto: formulario de contacto, tel\u00e9fono, correo electr\u00f3nico o WhatsApp.","breadcrumb":{"@id":"https:\/\/webcraftinglab.com\/contacto\/#breadcrumb"},"inLanguage":"en-US","potentialAction":[{"@type":"ReadAction","target":["https:\/\/webcraftinglab.com\/contacto\/"]}]},{"@type":"ImageObject","inLanguage":"en-US","@id":"https:\/\/webcraftinglab.com\/contacto\/#primaryimage","url":"http:\/\/webcraftinglab.com\/wp-content\/uploads\/2021\/06\/email-sm.png","contentUrl":"http:\/\/webcraftinglab.com\/wp-content\/uploads\/2021\/06\/email-sm.png"},{"@type":"BreadcrumbList","@id":"https:\/\/webcraftinglab.com\/contacto\/#breadcrumb","itemListElement":[{"@type":"ListItem","position":1,"name":"Portada","item":"https:\/\/webcraftinglab.com\/"},{"@type":"ListItem","position":2,"name":"Contacto"}]},{"@type":"WebSite","@id":"https:\/\/webcraftinglab.com\/es\/#website","url":"https:\/\/webcraftinglab.com\/es\/","name":"WebCraftingLAB","description":"Construyendo P\u00e1ginas Web","publisher":{"@id":"https:\/\/webcraftinglab.com\/es\/#organization"},"potentialAction":[{"@type":"SearchAction","target":{"@type":"EntryPoint","urlTemplate":"https:\/\/webcraftinglab.com\/es\/?s={search_term_string}"},"query-input":{"@type":"PropertyValueSpecification","valueRequired":true,"valueName":"search_term_string"}}],"inLanguage":"en-US"},{"@type":"Organization","@id":"https:\/\/webcraftinglab.com\/es\/#organization","name":"WebCraftingLAB","url":"https:\/\/webcraftinglab.com\/es\/","logo":{"@type":"ImageObject","inLanguage":"en-US","@id":"https:\/\/webcraftinglab.com\/es\/#\/schema\/logo\/image\/","url":"https:\/\/webcraftinglab.com\/wp-content\/uploads\/2023\/11\/WebCraftingLab-Logo.png","contentUrl":"https:\/\/webcraftinglab.com\/wp-content\/uploads\/2023\/11\/WebCraftingLab-Logo.png","width":1024,"height":72,"caption":"WebCraftingLAB"},"image":{"@id":"https:\/\/webcraftinglab.com\/es\/#\/schema\/logo\/image\/"}}]}},"_links":{"self":[{"href":"https:\/\/webcraftinglab.com\/en\/wp-json\/wp\/v2\/pages\/75","targetHints":{"allow":["GET"]}}],"collection":[{"href":"https:\/\/webcraftinglab.com\/en\/wp-json\/wp\/v2\/pages"}],"about":[{"href":"https:\/\/webcraftinglab.com\/en\/wp-json\/wp\/v2\/types\/page"}],"author":[{"embeddable":true,"href":"https:\/\/webcraftinglab.com\/en\/wp-json\/wp\/v2\/users\/1"}],"replies":[{"embeddable":true,"href":"https:\/\/webcraftinglab.com\/en\/wp-json\/wp\/v2\/comments?post=75"}],"version-history":[{"count":31,"href":"https:\/\/webcraftinglab.com\/en\/wp-json\/wp\/v2\/pages\/75\/revisions"}],"predecessor-version":[{"id":1121,"href":"https:\/\/webcraftinglab.com\/en\/wp-json\/wp\/v2\/pages\/75\/revisions\/1121"}],"wp:attachment":[{"href":"https:\/\/webcraftinglab.com\/en\/wp-json\/wp\/v2\/media?parent=75"}],"curies":[{"name":"wp","href":"https:\/\/api.w.org\/{rel}","templated":true}]}}