{"id":577,"date":"2024-08-07T09:37:17","date_gmt":"2024-08-07T07:37:17","guid":{"rendered":"https:\/\/webcraftinglab.com\/?page_id=577"},"modified":"2024-11-08T06:03:54","modified_gmt":"2024-11-08T05:03:54","slug":"precios","status":"publish","type":"page","link":"https:\/\/webcraftinglab.com\/es\/precios\/","title":{"rendered":"Precios"},"content":{"rendered":"\n<div class=\"wp-block-columns is-layout-flex wp-container-core-columns-is-layout-9d6595d7 wp-block-columns-is-layout-flex\">\n<div class=\"wp-block-column is-layout-flow wp-block-column-is-layout-flow\">\n<div style=\"height:100px\" aria-hidden=\"true\" class=\"wp-block-spacer\"><\/div>\n\n\n\n<h1 class=\"wp-block-heading\">Nuestros precios<\/h1>\n\n\n\n<div style=\"height:50px\" aria-hidden=\"true\" class=\"wp-block-spacer\"><\/div>\n\n\n\n<div class=\"wp-block-group is-nowrap is-layout-flex wp-container-core-group-is-layout-ad2f72ca wp-block-group-is-layout-flex\">\n<h3 class=\"wp-block-heading\">No solo somos muy buenos y r\u00e1pidos si no que adem\u00e1s somos incre\u00edblemente economicos!<\/h3>\n<\/div>\n\n\n\n<p>Para empezar nuestro precios <strong>incluyen siempre los costes fijos de cualquier web<\/strong>: dominio (.com\/.es) alojamiento y certificado SSL. <br>Aunque si lo prefieres por tranquilidad, siempre puedes adquirir el dominio por tu cuenta o incluso es posible que ya lo tengas.<\/p>\n<\/div>\n<\/div>\n\n\n\n<div class=\"wp-block-columns is-layout-flex wp-container-core-columns-is-layout-9d6595d7 wp-block-columns-is-layout-flex\">\n<div class=\"wp-block-column has-nv-light-bg-background-color has-background is-layout-flow wp-block-column-is-layout-flow\">\n<div class=\"wp-block-columns is-layout-flex wp-container-core-columns-is-layout-9d6595d7 wp-block-columns-is-layout-flex\">\n<div class=\"wp-block-column is-layout-flow wp-block-column-is-layout-flow\" style=\"flex-basis:2%\"><\/div>\n\n\n\n<div class=\"wp-block-column is-layout-flow wp-block-column-is-layout-flow\" style=\"flex-basis:95%\">\n<div style=\"height:50px\" aria-hidden=\"true\" class=\"wp-block-spacer\"><\/div>\n\n\n\n<h4 class=\"wp-block-heading has-text-align-left\">Una peque\u00f1a comparativa de los costes de una web&#8230;<\/h4>\n\n\n\n<p class=\"has-text-align-left\">Esto, para que te hagas una idea, en uno de los m\u00e1s populares proveedores como es 1&amp;1 (ahora Ionos) con su servicio m\u00e1s b\u00e1sico (ese que anuncian por 1\u20ac al mes con asterisco) <strong>supone el primer a\u00f1o un total de 165,77\u20ac <\/strong>[102\u20ac + IVA de alojamiento y dominio m\u00e1s 35\u20ac + IVA del vertificado SSL]. <strong>A partir del segundo a\u00f1o son 292,81\u20ac<\/strong> [192\u20ac + IVA por el alojamiento, 14,99\u20ac + IVA por el dominio.com y 35\u20ac + IVA por el certificado SSL].<\/p>\n\n\n\n<h5 class=\"wp-block-heading has-text-align-left\">Ah! Y la web la haces t\u00fa \u2026 y le dedicas horas y horas t\u00fa!&nbsp;\u00bfC\u00f3mo te quedas?<\/h5>\n\n\n\n<p><\/p>\n\n\n\n<p>Con esto en mente, a continuaci\u00f3n te presentamos nuestras tarifas base.<\/p>\n<\/div>\n\n\n\n<div class=\"wp-block-column is-layout-flow wp-block-column-is-layout-flow\" style=\"flex-basis:2%\"><\/div>\n<\/div>\n<\/div>\n<\/div>\n\n\n\n<div style=\"height:50px\" aria-hidden=\"true\" class=\"wp-block-spacer\"><\/div>\n\n\n\n<div class=\"wp-block-columns is-layout-flex wp-container-core-columns-is-layout-9d6595d7 wp-block-columns-is-layout-flex\">\n<div class=\"wp-block-column is-vertically-aligned-center is-layout-flow wp-block-column-is-layout-flow\" style=\"flex-basis:33.33%\"><div class=\"wp-block-image animated fadeInLeft is-style-rounded\">\n<figure class=\"aligncenter size-medium\"><img loading=\"lazy\" decoding=\"async\" width=\"300\" height=\"155\" src=\"http:\/\/webcraftinglab.com\/wp-content\/uploads\/2023\/11\/basic-pack-300x155.png\" alt=\"Web Crafting Lab - paquete de servicios b\u00e1sico, Precios\" class=\"wp-image-413\" srcset=\"https:\/\/webcraftinglab.com\/wp-content\/uploads\/2023\/11\/basic-pack-300x155.png 300w, https:\/\/webcraftinglab.com\/wp-content\/uploads\/2023\/11\/basic-pack.png 549w\" sizes=\"auto, (max-width: 300px) 100vw, 300px\" \/><\/figure><\/div><\/div>\n\n\n\n<div class=\"wp-block-column is-vertically-aligned-center is-layout-flow wp-block-column-is-layout-flow\" style=\"flex-basis:66.66%\">\n<p>Por supuesto, nuestro <strong>paquete B\u00c1SICO<\/strong> incluye el dise\u00f1o y la creaci\u00f3n de tu sitio web con una personalizaci\u00f3n al 100% as\u00ed como la configuraci\u00f3n de todas las funcionalidades que necesites.<\/p>\n\n\n\n<p>Adem\u00e1s, realizaremos contigo tantas rondas de revisi\u00f3n como sean necesarias para que tu sitio web sea 100% t\u00fa. Finalmente publicamos y nos aseguramos que todos los servicios est\u00e9n a pleno rendimiento.<\/p>\n\n\n\n<p>El precio de nuestro paquete B\u00c1SICO es de <strong>249\u20ac<\/strong>.<\/p>\n<\/div>\n<\/div>\n\n\n\n<hr class=\"wp-block-separator has-text-color has-nv-light-bg-color has-alpha-channel-opacity has-nv-light-bg-background-color has-background is-style-default\"\/>\n\n\n\n<div class=\"wp-block-columns is-layout-flex wp-container-core-columns-is-layout-9d6595d7 wp-block-columns-is-layout-flex\">\n<div class=\"wp-block-column is-vertically-aligned-center is-layout-flow wp-block-column-is-layout-flow\" style=\"flex-basis:33.33%\"><div class=\"wp-block-image animated fadeInLeft is-style-rounded\">\n<figure class=\"aligncenter size-medium\"><img loading=\"lazy\" decoding=\"async\" width=\"300\" height=\"155\" src=\"http:\/\/webcraftinglab.com\/wp-content\/uploads\/2023\/11\/plus-pack-300x155.png\" alt=\"Web Crafting Lab - paquete de servicios plus, Precios\" class=\"wp-image-414\" srcset=\"https:\/\/webcraftinglab.com\/wp-content\/uploads\/2023\/11\/plus-pack-300x155.png 300w, https:\/\/webcraftinglab.com\/wp-content\/uploads\/2023\/11\/plus-pack.png 549w\" sizes=\"auto, (max-width: 300px) 100vw, 300px\" \/><\/figure><\/div><\/div>\n\n\n\n<div class=\"wp-block-column is-vertically-aligned-center is-layout-flow wp-block-column-is-layout-flow\" style=\"flex-basis:66.66%\">\n<div style=\"height:10px\" aria-hidden=\"true\" class=\"wp-block-spacer\"><\/div>\n\n\n\n<p>Con el <strong>paquete +PLUS<\/strong>, por tan solo <strong>369\u20ac<\/strong>, m\u00e1s all\u00e1 de dejar tu sitio web marchando, nos encargamos de la creaci\u00f3n y almacenamiento de copias de seguridad diarias y las actualizaciones t\u00e9cnicas para evitar vulnerabilidades que puedan surgir a lo largo del a\u00f1o y mantenerlo 100% seguro y protegido de cualquier posible ataque.<\/p>\n<\/div>\n<\/div>\n\n\n\n<hr class=\"wp-block-separator has-text-color has-nv-light-bg-color has-alpha-channel-opacity has-nv-light-bg-background-color has-background is-style-default\"\/>\n\n\n\n<div class=\"wp-block-columns is-layout-flex wp-container-core-columns-is-layout-9d6595d7 wp-block-columns-is-layout-flex\">\n<div class=\"wp-block-column is-vertically-aligned-center is-layout-flow wp-block-column-is-layout-flow\" style=\"flex-basis:33.33%\"><div class=\"wp-block-image animated fadeInLeft is-style-rounded\">\n<figure class=\"aligncenter size-medium\"><img loading=\"lazy\" decoding=\"async\" width=\"300\" height=\"155\" src=\"http:\/\/webcraftinglab.com\/wp-content\/uploads\/2023\/11\/premium-pack-300x155.png\" alt=\"Web Crafting Lab - paquete de servicios premium, Precios\" class=\"wp-image-415\" srcset=\"https:\/\/webcraftinglab.com\/wp-content\/uploads\/2023\/11\/premium-pack-300x155.png 300w, https:\/\/webcraftinglab.com\/wp-content\/uploads\/2023\/11\/premium-pack.png 549w\" sizes=\"auto, (max-width: 300px) 100vw, 300px\" \/><\/figure><\/div><\/div>\n\n\n\n<div class=\"wp-block-column is-vertically-aligned-center is-layout-flow wp-block-column-is-layout-flow\" style=\"flex-basis:66.66%\">\n<div style=\"height:10px\" aria-hidden=\"true\" class=\"wp-block-spacer\"><\/div>\n\n\n\n<p>Pero si tu lo que quieres es desentenderte del todo y que nosotros adem\u00e1s de todo lo anterior, gestionemos el contenido por completo, necesitar\u00e1s el <strong>paquete PREMIUM<\/strong>.<\/p>\n\n\n\n<p>\u00bfNecesitas actualizar ofertas frecuentemente? \u00bfA\u00f1adir servicios o productos? \u00bfCambiar los horarios a lo largo del a\u00f1o? \u00bfModificar la secci\u00f3n de \u201cNuestro Equipo\u201d con cierta frecuencia? \u00bfQuieres tener un blog?<\/p>\n\n\n\n<p>Pi\u00e9nsalo, por <strong>s\u00f3lo 549\u20ac<\/strong>, tu web estar\u00e1 en todo momento a pedir de boca literalmente en todo momento!<\/p>\n<\/div>\n<\/div>\n\n\n\n<div style=\"height:25px\" aria-hidden=\"true\" class=\"wp-block-spacer\"><\/div>\n\n\n\n<p style=\"text-decoration:underline\">Estos precios se refieren a un sitio web de representaci\u00f3n de un negocio con una p\u00e1gina principal cautivadora, paginas secundarias como por ejemplo, sobre nosotros, productos, servicios, ofertas, horarios, contacto, etc., adem\u00e1s de las estrictamente necesarias, como la que expone la pol\u00edtica de privacidad y funcionalidades est\u00e1ndar como pueden ser llamadas a la acci\u00f3n, formularios de contacto o reservas o mapas. <\/p>\n\n\n\n<p>V\u00e9ase, por ejemplo, esta misma web, <strong>webcraftinglab.com<\/strong>. <\/p>\n\n\n\n<p>Si <strong>webcraftinglab.com<\/strong> hubiera sido un encargo de alguno de nuestros clientes, los precios que les hubi\u00e9ramos cobrado son los arriba expuesto dependiendo del paquete elegido.<br><\/p>\n\n\n\n<p>Ahora bien, hay sitios web mucho m\u00e1s complejos que este por su operativa diaria, las necesidades del negocio  o por la proyecci\u00f3n del mismo. Mas all\u00e1 de los precios de base de cada paquete es posible que para exprimir el potencial que podr\u00eda tener tu sitio web sea necesario y quieras implementar funcionalidades o servicios extra como podr\u00edan ser entre otras los siguientes:<\/p>\n\n\n\n<ul class=\"wp-block-list\">\n<li><strong>P\u00e1gina multiling\u00fce:<\/strong> \u00bfTe gustar\u00eda que tu pagina web estuviera disponible en varios idiomas para alcanzar el m\u00e1ximo de audiencia posible?<\/li>\n\n\n\n<li><strong>Un sistema de gesti\u00f3n de citas:<\/strong>&nbsp;\u00bfTienes una peluquer\u00eda, una cl\u00ednica, un centro de fisioterapia, etc.? \u00bfTe gustar\u00eda que se pudiera concertar citas a trav\u00e9s de tu web y que estas se sincronizaran autom\u00e1ticamente en tu agenda?<\/li>\n\n\n\n<li><strong>Pedidos online:<\/strong> \u00bfTienes una tienda o un restaurante y te gustar\u00eda ofrecer tus productos a trav\u00e9s de tu web para la recogida en local en un dia y a una hora concertada?<\/li>\n\n\n\n<li><strong>Tienda con gesti\u00f3n de cat\u00e1logo y gesti\u00f3n de env\u00ed<\/strong>os: Vende tus productos a cualquier parte del mundo con una tienda online abierta 24\/7.<\/li>\n\n\n\n<li><strong>Muro web:<\/strong> \u00bfQuieres ofrecer tu contenido digital exclusivo para tus suscriptores? \u00bfEst\u00e1s pensando en ofrecer clases? \u00bfEres psic\u00f3logo, coach, consultor, etc. y ofreces sesiones en remoto?<\/li>\n<\/ul>\n\n\n\n<p><\/p>\n\n\n\n<p>Las posibilidades son casi infinitas. Pero &#8230; porque cada proyecto es \u00fanico, el primer paso para una colaboraci\u00f3n es siempre realizar un estudio de tus necesidades. Dado que cada caso es particular, dependiendo de las dimensiones y complejidad del proyecto, ajustamos cada presupuesto a tus necesidades y expectativas. Por favor, no dudes en ponerte en contacto con nosotros.<\/p>\n\n\n\n<div class=\"wp-block-group\"><div class=\"wp-block-group__inner-container is-layout-constrained wp-block-group-is-layout-constrained\">\n<div class=\"wp-block-buttons is-content-justification-center is-layout-flex wp-container-core-buttons-is-layout-16018d1d wp-block-buttons-is-layout-flex\">\n<div class=\"wp-block-button is-style-primary\"><a class=\"wp-block-button__link wp-element-button\" href=\"https:\/\/webcraftinglab.com\/es\/index.php\/solicita-tu-presupuesto\/\">\u00a1SOLICITA TU PRESUPUESTO!<\/a><\/div>\n<\/div>\n<\/div><\/div>\n\n\n\n<div style=\"height:100px\" aria-hidden=\"true\" class=\"wp-block-spacer\"><\/div>\n\n\n\n<div class=\"wp-block-cover alignfull\" style=\"min-height:420px;aspect-ratio:unset;\"><span aria-hidden=\"true\" class=\"wp-block-cover__background has-nv-light-bg-background-color has-background-dim-100 has-background-dim\"><\/span><div class=\"wp-block-cover__inner-container is-layout-flow wp-block-cover-is-layout-flow\">\n<div style=\"height:80px\" aria-hidden=\"true\" class=\"wp-block-spacer\"><\/div>\n\n\n\n<div class=\"wp-block-columns alignwide is-layout-flex wp-container-core-columns-is-layout-9d6595d7 wp-block-columns-is-layout-flex\">\n<div class=\"wp-block-column ticss-4ce656f1 is-layout-flow wp-block-column-is-layout-flow\">\n<div class=\"wp-block-group has-nv-site-bg-background-color has-background\"><div class=\"wp-block-group__inner-container is-layout-flow wp-block-group-is-layout-flow\">\n<div style=\"height:24px\" aria-hidden=\"true\" class=\"wp-block-spacer\"><\/div>\n\n\n<div class=\"wp-block-image icon-style is-style-default\">\n<figure class=\"aligncenter size-large\"><img loading=\"lazy\" decoding=\"async\" width=\"65\" height=\"65\" src=\"http:\/\/webcraftinglab.com\/wp-content\/uploads\/2021\/06\/email-sm.png\" alt=\"\" class=\"wp-image-306\"\/><\/figure><\/div>\n\n\n<div style=\"height:24px\" aria-hidden=\"true\" class=\"wp-block-spacer\"><\/div>\n\n\n\n<h3 class=\"wp-block-heading has-text-align-center has-neve-text-color-color has-text-color\">Correo electr\u00f3nico<\/h3>\n\n\n\n<p class=\"has-text-align-center has-neve-text-color-color has-text-color\" style=\"font-size:15px\">info@webcraftinglab.com<\/p>\n\n\n\n<div style=\"height:24px\" aria-hidden=\"true\" class=\"wp-block-spacer\"><\/div>\n<\/div><\/div>\n<\/div>\n\n\n\n<div class=\"wp-block-column ticss-a5b4df29 is-layout-flow wp-block-column-is-layout-flow\">\n<div class=\"wp-block-group has-nv-site-bg-background-color has-background\"><div class=\"wp-block-group__inner-container is-layout-flow wp-block-group-is-layout-flow\">\n<div style=\"height:24px\" aria-hidden=\"true\" class=\"wp-block-spacer\"><\/div>\n\n\n<div class=\"wp-block-image icon-style is-style-default\">\n<figure class=\"aligncenter size-large\"><img loading=\"lazy\" decoding=\"async\" width=\"63\" height=\"63\" src=\"http:\/\/webcraftinglab.com\/wp-content\/uploads\/2021\/06\/phone-sm.png\" alt=\"\" class=\"wp-image-304\"\/><\/figure><\/div>\n\n\n<div style=\"height:24px\" aria-hidden=\"true\" class=\"wp-block-spacer\"><\/div>\n\n\n\n<h3 class=\"wp-block-heading has-text-align-center has-neve-text-color-color has-text-color\">Tel\u00e9fono<\/h3>\n\n\n\n<p class=\"has-text-align-center has-neve-text-color-color has-text-color\" style=\"font-size:15px\">611.033.650 | Lunes a Viernes<\/p>\n\n\n\n<div style=\"height:24px\" aria-hidden=\"true\" class=\"wp-block-spacer\"><\/div>\n<\/div><\/div>\n<\/div>\n<\/div>\n\n\n\n<div style=\"height:30px\" aria-hidden=\"true\" class=\"wp-block-spacer\"><\/div>\n<\/div><\/div>\n","protected":false},"excerpt":{"rendered":"<p>Nuestros precios No solo somos muy buenos y r\u00e1pidos si no que adem\u00e1s somos incre\u00edblemente economicos! Para empezar nuestro precios incluyen siempre los costes fijos de cualquier web: dominio (.com\/.es) alojamiento y certificado SSL. Aunque si lo prefieres por tranquilidad, siempre puedes adquirir el dominio por tu cuenta o incluso es posible que ya lo&hellip;&nbsp;<a href=\"https:\/\/webcraftinglab.com\/es\/precios\/\" rel=\"bookmark\">Leer m\u00e1s &raquo;<span class=\"screen-reader-text\">Precios<\/span><\/a><\/p>\n","protected":false},"author":1,"featured_media":0,"parent":0,"menu_order":0,"comment_status":"closed","ping_status":"closed","template":"","meta":{"neve_meta_sidebar":"","neve_meta_container":"","neve_meta_enable_content_width":"","neve_meta_content_width":0,"neve_meta_title_alignment":"","neve_meta_author_avatar":"","neve_post_elements_order":"","neve_meta_disable_header":"","neve_meta_disable_footer":"","neve_meta_disable_title":"","_themeisle_gutenberg_block_has_review":false,"footnotes":""},"class_list":["post-577","page","type-page","status-publish","hentry"],"yoast_head":"<!-- This site is optimized with the Yoast SEO plugin v25.3.1 - https:\/\/yoast.com\/wordpress\/plugins\/seo\/ -->\n<title>Precios - Web Crafting Lab<\/title>\n<meta name=\"description\" content=\"Consulta nuestros Orecios para p\u00e1ginas web. Planes flexibles para PYMES, adaptados a tus necesidades y presupuesto.\" \/>\n<meta name=\"robots\" content=\"index, follow, max-snippet:-1, max-image-preview:large, max-video-preview:-1\" \/>\n<link rel=\"canonical\" href=\"https:\/\/webcraftinglab.com\/es\/precios\/\" \/>\n<meta property=\"og:locale\" content=\"es_ES\" \/>\n<meta property=\"og:type\" content=\"article\" \/>\n<meta property=\"og:title\" content=\"Precios - Web Crafting Lab\" \/>\n<meta property=\"og:description\" content=\"Consulta nuestros Orecios para p\u00e1ginas web. Planes flexibles para PYMES, adaptados a tus necesidades y presupuesto.\" \/>\n<meta property=\"og:url\" content=\"https:\/\/webcraftinglab.com\/es\/precios\/\" \/>\n<meta property=\"og:site_name\" content=\"Web Crafting Lab\" \/>\n<meta property=\"article:modified_time\" content=\"2024-11-08T05:03:54+00:00\" \/>\n<meta property=\"og:image\" content=\"https:\/\/webcraftinglab.com\/wp-content\/uploads\/2023\/11\/basic-pack.png\" \/>\n\t<meta property=\"og:image:width\" content=\"549\" \/>\n\t<meta property=\"og:image:height\" content=\"283\" \/>\n\t<meta property=\"og:image:type\" content=\"image\/png\" \/>\n<meta name=\"twitter:card\" content=\"summary_large_image\" \/>\n<meta name=\"twitter:label1\" content=\"Tiempo de lectura\" \/>\n\t<meta name=\"twitter:data1\" content=\"5 minutos\" \/>\n<script type=\"application\/ld+json\" class=\"yoast-schema-graph\">{\"@context\":\"https:\/\/schema.org\",\"@graph\":[{\"@type\":\"WebPage\",\"@id\":\"https:\/\/webcraftinglab.com\/precios\/\",\"url\":\"https:\/\/webcraftinglab.com\/precios\/\",\"name\":\"Precios - Web Crafting Lab\",\"isPartOf\":{\"@id\":\"https:\/\/webcraftinglab.com\/es\/#website\"},\"primaryImageOfPage\":{\"@id\":\"https:\/\/webcraftinglab.com\/precios\/#primaryimage\"},\"image\":{\"@id\":\"https:\/\/webcraftinglab.com\/precios\/#primaryimage\"},\"thumbnailUrl\":\"http:\/\/webcraftinglab.com\/wp-content\/uploads\/2023\/11\/basic-pack-300x155.png\",\"datePublished\":\"2024-08-07T07:37:17+00:00\",\"dateModified\":\"2024-11-08T05:03:54+00:00\",\"description\":\"Consulta nuestros Orecios para p\u00e1ginas web. Planes flexibles para PYMES, adaptados a tus necesidades y presupuesto.\",\"breadcrumb\":{\"@id\":\"https:\/\/webcraftinglab.com\/precios\/#breadcrumb\"},\"inLanguage\":\"es\",\"potentialAction\":[{\"@type\":\"ReadAction\",\"target\":[\"https:\/\/webcraftinglab.com\/precios\/\"]}]},{\"@type\":\"ImageObject\",\"inLanguage\":\"es\",\"@id\":\"https:\/\/webcraftinglab.com\/precios\/#primaryimage\",\"url\":\"http:\/\/webcraftinglab.com\/wp-content\/uploads\/2023\/11\/basic-pack-300x155.png\",\"contentUrl\":\"http:\/\/webcraftinglab.com\/wp-content\/uploads\/2023\/11\/basic-pack-300x155.png\"},{\"@type\":\"BreadcrumbList\",\"@id\":\"https:\/\/webcraftinglab.com\/precios\/#breadcrumb\",\"itemListElement\":[{\"@type\":\"ListItem\",\"position\":1,\"name\":\"Portada\",\"item\":\"https:\/\/webcraftinglab.com\/\"},{\"@type\":\"ListItem\",\"position\":2,\"name\":\"Precios\"}]},{\"@type\":\"WebSite\",\"@id\":\"https:\/\/webcraftinglab.com\/es\/#website\",\"url\":\"https:\/\/webcraftinglab.com\/es\/\",\"name\":\"WebCraftingLAB\",\"description\":\"Construyendo P\u00e1ginas Web\",\"publisher\":{\"@id\":\"https:\/\/webcraftinglab.com\/es\/#organization\"},\"potentialAction\":[{\"@type\":\"SearchAction\",\"target\":{\"@type\":\"EntryPoint\",\"urlTemplate\":\"https:\/\/webcraftinglab.com\/es\/?s={search_term_string}\"},\"query-input\":{\"@type\":\"PropertyValueSpecification\",\"valueRequired\":true,\"valueName\":\"search_term_string\"}}],\"inLanguage\":\"es\"},{\"@type\":\"Organization\",\"@id\":\"https:\/\/webcraftinglab.com\/es\/#organization\",\"name\":\"WebCraftingLAB\",\"url\":\"https:\/\/webcraftinglab.com\/es\/\",\"logo\":{\"@type\":\"ImageObject\",\"inLanguage\":\"es\",\"@id\":\"https:\/\/webcraftinglab.com\/es\/#\/schema\/logo\/image\/\",\"url\":\"https:\/\/webcraftinglab.com\/wp-content\/uploads\/2023\/11\/WebCraftingLab-Logo.png\",\"contentUrl\":\"https:\/\/webcraftinglab.com\/wp-content\/uploads\/2023\/11\/WebCraftingLab-Logo.png\",\"width\":1024,\"height\":72,\"caption\":\"WebCraftingLAB\"},\"image\":{\"@id\":\"https:\/\/webcraftinglab.com\/es\/#\/schema\/logo\/image\/\"}}]}<\/script>\n<!-- \/ Yoast SEO plugin. -->","yoast_head_json":{"title":"Precios - Web Crafting Lab","description":"Consulta nuestros Orecios para p\u00e1ginas web. Planes flexibles para PYMES, adaptados a tus necesidades y presupuesto.","robots":{"index":"index","follow":"follow","max-snippet":"max-snippet:-1","max-image-preview":"max-image-preview:large","max-video-preview":"max-video-preview:-1"},"canonical":"https:\/\/webcraftinglab.com\/es\/precios\/","og_locale":"es_ES","og_type":"article","og_title":"Precios - Web Crafting Lab","og_description":"Consulta nuestros Orecios para p\u00e1ginas web. Planes flexibles para PYMES, adaptados a tus necesidades y presupuesto.","og_url":"https:\/\/webcraftinglab.com\/es\/precios\/","og_site_name":"Web Crafting Lab","article_modified_time":"2024-11-08T05:03:54+00:00","og_image":[{"width":549,"height":283,"url":"https:\/\/webcraftinglab.com\/wp-content\/uploads\/2023\/11\/basic-pack.png","type":"image\/png"}],"twitter_card":"summary_large_image","twitter_misc":{"Tiempo de lectura":"5 minutos"},"schema":{"@context":"https:\/\/schema.org","@graph":[{"@type":"WebPage","@id":"https:\/\/webcraftinglab.com\/precios\/","url":"https:\/\/webcraftinglab.com\/precios\/","name":"Precios - Web Crafting Lab","isPartOf":{"@id":"https:\/\/webcraftinglab.com\/es\/#website"},"primaryImageOfPage":{"@id":"https:\/\/webcraftinglab.com\/precios\/#primaryimage"},"image":{"@id":"https:\/\/webcraftinglab.com\/precios\/#primaryimage"},"thumbnailUrl":"http:\/\/webcraftinglab.com\/wp-content\/uploads\/2023\/11\/basic-pack-300x155.png","datePublished":"2024-08-07T07:37:17+00:00","dateModified":"2024-11-08T05:03:54+00:00","description":"Consulta nuestros Orecios para p\u00e1ginas web. Planes flexibles para PYMES, adaptados a tus necesidades y presupuesto.","breadcrumb":{"@id":"https:\/\/webcraftinglab.com\/precios\/#breadcrumb"},"inLanguage":"es","potentialAction":[{"@type":"ReadAction","target":["https:\/\/webcraftinglab.com\/precios\/"]}]},{"@type":"ImageObject","inLanguage":"es","@id":"https:\/\/webcraftinglab.com\/precios\/#primaryimage","url":"http:\/\/webcraftinglab.com\/wp-content\/uploads\/2023\/11\/basic-pack-300x155.png","contentUrl":"http:\/\/webcraftinglab.com\/wp-content\/uploads\/2023\/11\/basic-pack-300x155.png"},{"@type":"BreadcrumbList","@id":"https:\/\/webcraftinglab.com\/precios\/#breadcrumb","itemListElement":[{"@type":"ListItem","position":1,"name":"Portada","item":"https:\/\/webcraftinglab.com\/"},{"@type":"ListItem","position":2,"name":"Precios"}]},{"@type":"WebSite","@id":"https:\/\/webcraftinglab.com\/es\/#website","url":"https:\/\/webcraftinglab.com\/es\/","name":"WebCraftingLAB","description":"Construyendo P\u00e1ginas Web","publisher":{"@id":"https:\/\/webcraftinglab.com\/es\/#organization"},"potentialAction":[{"@type":"SearchAction","target":{"@type":"EntryPoint","urlTemplate":"https:\/\/webcraftinglab.com\/es\/?s={search_term_string}"},"query-input":{"@type":"PropertyValueSpecification","valueRequired":true,"valueName":"search_term_string"}}],"inLanguage":"es"},{"@type":"Organization","@id":"https:\/\/webcraftinglab.com\/es\/#organization","name":"WebCraftingLAB","url":"https:\/\/webcraftinglab.com\/es\/","logo":{"@type":"ImageObject","inLanguage":"es","@id":"https:\/\/webcraftinglab.com\/es\/#\/schema\/logo\/image\/","url":"https:\/\/webcraftinglab.com\/wp-content\/uploads\/2023\/11\/WebCraftingLab-Logo.png","contentUrl":"https:\/\/webcraftinglab.com\/wp-content\/uploads\/2023\/11\/WebCraftingLab-Logo.png","width":1024,"height":72,"caption":"WebCraftingLAB"},"image":{"@id":"https:\/\/webcraftinglab.com\/es\/#\/schema\/logo\/image\/"}}]}},"_links":{"self":[{"href":"https:\/\/webcraftinglab.com\/es\/wp-json\/wp\/v2\/pages\/577","targetHints":{"allow":["GET"]}}],"collection":[{"href":"https:\/\/webcraftinglab.com\/es\/wp-json\/wp\/v2\/pages"}],"about":[{"href":"https:\/\/webcraftinglab.com\/es\/wp-json\/wp\/v2\/types\/page"}],"author":[{"embeddable":true,"href":"https:\/\/webcraftinglab.com\/es\/wp-json\/wp\/v2\/users\/1"}],"replies":[{"embeddable":true,"href":"https:\/\/webcraftinglab.com\/es\/wp-json\/wp\/v2\/comments?post=577"}],"version-history":[{"count":44,"href":"https:\/\/webcraftinglab.com\/es\/wp-json\/wp\/v2\/pages\/577\/revisions"}],"predecessor-version":[{"id":1126,"href":"https:\/\/webcraftinglab.com\/es\/wp-json\/wp\/v2\/pages\/577\/revisions\/1126"}],"wp:attachment":[{"href":"https:\/\/webcraftinglab.com\/es\/wp-json\/wp\/v2\/media?parent=577"}],"curies":[{"name":"wp","href":"https:\/\/api.w.org\/{rel}","templated":true}]}}