{"id":69,"date":"2020-01-27T08:05:29","date_gmt":"2020-01-27T08:05:29","guid":{"rendered":"https:\/\/demosites.io\/web-agency-gb\/?page_id=69"},"modified":"2024-11-08T06:02:07","modified_gmt":"2024-11-08T05:02:07","slug":"portfolio-de-web-crafting-lab","status":"publish","type":"page","link":"https:\/\/webcraftinglab.com\/es\/portfolio-de-web-crafting-lab\/","title":{"rendered":"Portfolio"},"content":{"rendered":"\n<div class=\"wp-block-cover alignfull\" style=\"min-height:300px;aspect-ratio:unset;\"><span aria-hidden=\"true\" class=\"wp-block-cover__background has-nv-site-bg-background-color has-background-dim-100 has-background-dim\"><\/span><div class=\"wp-block-cover__inner-container is-layout-flow wp-block-cover-is-layout-flow\">\n<div class=\"wp-block-group\"><div class=\"wp-block-group__inner-container is-layout-flow wp-block-group-is-layout-flow\">\n<h1 class=\"wp-block-heading has-text-align-left has-neve-text-color-color has-text-color\">Portfolio<\/h1>\n<\/div><\/div>\n<\/div><\/div>\n\n\n\n<p>Descubre el Portfolio de Web Crafting Lab: dise\u00f1os web personalizados y optimizados para PYMES que destacan tu negocio. A continuaci\u00f3n se muestra una selecci\u00f3n de los m\u00e1s recientes trabajos.<\/p>\n\n\n\n<div class=\"wp-block-cover alignfull\" style=\"min-height:600px;aspect-ratio:unset;\"><span aria-hidden=\"true\" class=\"wp-block-cover__background has-nv-site-bg-background-color has-background-dim-100 has-background-dim\"><\/span><div class=\"wp-block-cover__inner-container is-layout-flow wp-block-cover-is-layout-flow\">\n<div class=\"wp-block-group\"><div class=\"wp-block-group__inner-container is-layout-flow wp-block-group-is-layout-flow\">\n<div style=\"height:0px\" aria-hidden=\"true\" class=\"wp-block-spacer\"><\/div>\n\n\n\n<div class=\"wp-block-columns is-layout-flex wp-container-core-columns-is-layout-9d6595d7 wp-block-columns-is-layout-flex\">\n<div class=\"wp-block-column is-vertically-aligned-top is-layout-flow wp-block-column-is-layout-flow\" style=\"flex-basis:50%\">\n<figure class=\"wp-block-image size-large\"><img loading=\"lazy\" decoding=\"async\" width=\"1024\" height=\"615\" src=\"http:\/\/webcraftinglab.com\/wp-content\/uploads\/2024\/08\/mockup-espejo-1024x615.jpg\" alt=\"portfolio web empresa servicios para eventos\" class=\"wp-image-782\" srcset=\"https:\/\/webcraftinglab.com\/wp-content\/uploads\/2024\/08\/mockup-espejo-1024x615.jpg 1024w, https:\/\/webcraftinglab.com\/wp-content\/uploads\/2024\/08\/mockup-espejo-300x180.jpg 300w, https:\/\/webcraftinglab.com\/wp-content\/uploads\/2024\/08\/mockup-espejo-768x461.jpg 768w, https:\/\/webcraftinglab.com\/wp-content\/uploads\/2024\/08\/mockup-espejo.jpg 1280w\" sizes=\"auto, (max-width: 1024px) 100vw, 1024px\" \/><\/figure>\n\n\n\n<div style=\"height:24px\" aria-hidden=\"true\" class=\"wp-block-spacer\"><\/div>\n\n\n\n<h3 class=\"wp-block-heading has-text-align-center has-neve-text-color-color has-text-color\">Espejo Selfie<\/h3>\n\n\n\n<p class=\"has-text-align-center has-neve-text-color-color has-text-color\">Esta es una web muy sencilla de una empresa de servicios muy concretos enfocado al mundo de los eventos. En este caso nos pidieron incluir \u00fanicamente un formulario de contacto y que el enlace al WhatsApp estuviera siempre en pantalla para incentivar los usuarios a comunicarse r\u00e1pidamente.<br><br><br><br><\/p>\n\n\n\n<div class=\"wp-block-buttons is-content-justification-center is-layout-flex wp-container-core-buttons-is-layout-16018d1d wp-block-buttons-is-layout-flex\">\n<div class=\"wp-block-button is-style-primary\"><a class=\"wp-block-button__link wp-element-button\" href=\"https:\/\/espejoselfie.es\/\" target=\"_blank\" rel=\"noreferrer noopener\">ECHA UN VISTAZO<\/a><\/div>\n<\/div>\n\n\n\n<div style=\"height:40px\" aria-hidden=\"true\" class=\"wp-block-spacer\"><\/div>\n<\/div>\n\n\n\n<div class=\"wp-block-column is-vertically-aligned-top is-layout-flow wp-block-column-is-layout-flow\" style=\"flex-basis:50%\">\n<figure class=\"wp-block-image size-large\"><img loading=\"lazy\" decoding=\"async\" width=\"1024\" height=\"615\" src=\"http:\/\/webcraftinglab.com\/wp-content\/uploads\/2024\/08\/landing-page_professional-functional-customized-seo-optimized-responsive-fast-delivery_MOCKUP_01-1024x615.jpg\" alt=\"portfolio web empresa negocio local cafeteria restaurante\" class=\"wp-image-781\" srcset=\"https:\/\/webcraftinglab.com\/wp-content\/uploads\/2024\/08\/landing-page_professional-functional-customized-seo-optimized-responsive-fast-delivery_MOCKUP_01-1024x615.jpg 1024w, https:\/\/webcraftinglab.com\/wp-content\/uploads\/2024\/08\/landing-page_professional-functional-customized-seo-optimized-responsive-fast-delivery_MOCKUP_01-300x180.jpg 300w, https:\/\/webcraftinglab.com\/wp-content\/uploads\/2024\/08\/landing-page_professional-functional-customized-seo-optimized-responsive-fast-delivery_MOCKUP_01-768x461.jpg 768w, https:\/\/webcraftinglab.com\/wp-content\/uploads\/2024\/08\/landing-page_professional-functional-customized-seo-optimized-responsive-fast-delivery_MOCKUP_01.jpg 1280w\" sizes=\"auto, (max-width: 1024px) 100vw, 1024px\" \/><\/figure>\n\n\n\n<div style=\"height:24px\" aria-hidden=\"true\" class=\"wp-block-spacer\"><\/div>\n\n\n\n<h3 class=\"wp-block-heading has-text-align-center has-neve-text-color-color has-text-color\">Chocolater\u00eda Mary Pepa<\/h3>\n\n\n\n<p class=\"has-text-align-center has-neve-text-color-color has-text-color\">Se trata de una web de un negocio de restauraci\u00f3n en la que, adem\u00e1s, de presentar la empresa, las instala y la carta, ofrece la oportunidad de realizar pedidos online para recogida en local en el mismo momento o en el d\u00eda y hora estipulados en el pedido. Estos pedidos pueden ser tramitados bien a trav\u00e9s de la pasarela de pago incorporada pero tambi\u00e9n ofrece la posibilidad del pago in sito en el momento de la recogida. Por supuesto, tambi\u00e9n cuenta con un formulario de contacto y de reservas.<\/p>\n\n\n\n<div class=\"wp-block-buttons is-content-justification-center is-layout-flex wp-container-core-buttons-is-layout-16018d1d wp-block-buttons-is-layout-flex\">\n<div class=\"wp-block-button is-style-primary\"><a class=\"wp-block-button__link wp-element-button\" href=\"https:\/\/chocolateriamarypepa.es\/\" target=\"_blank\" rel=\"noreferrer noopener\">ECHA UN VISTAZO<\/a><\/div>\n<\/div>\n\n\n\n<div style=\"height:40px\" aria-hidden=\"true\" class=\"wp-block-spacer\"><\/div>\n<\/div>\n<\/div>\n\n\n\n<div style=\"height:0px\" aria-hidden=\"true\" class=\"wp-block-spacer\"><\/div>\n<\/div><\/div>\n<\/div><\/div>\n\n\n\n<div class=\"wp-block-cover alignfull\" style=\"min-height:600px;aspect-ratio:unset;\"><span aria-hidden=\"true\" class=\"wp-block-cover__background has-nv-site-bg-background-color has-background-dim-100 has-background-dim\"><\/span><div class=\"wp-block-cover__inner-container is-layout-flow wp-block-cover-is-layout-flow\">\n<div class=\"wp-block-group\"><div class=\"wp-block-group__inner-container is-layout-flow wp-block-group-is-layout-flow\">\n<div style=\"height:0px\" aria-hidden=\"true\" class=\"wp-block-spacer\"><\/div>\n\n\n\n<div class=\"wp-block-columns is-layout-flex wp-container-core-columns-is-layout-9d6595d7 wp-block-columns-is-layout-flex\">\n<div class=\"wp-block-column is-vertically-aligned-top is-layout-flow wp-block-column-is-layout-flow\" style=\"flex-basis:50%\">\n<figure class=\"wp-block-image size-large\"><img loading=\"lazy\" decoding=\"async\" width=\"1024\" height=\"615\" src=\"http:\/\/webcraftinglab.com\/wp-content\/uploads\/2024\/08\/landing-page_professional-functional-customized-seo-optimized-responsive-fast-delivery_MOCKUP_02-1024x615.jpg\" alt=\"portfolio web contenido digital y tienda online\" class=\"wp-image-780\" srcset=\"https:\/\/webcraftinglab.com\/wp-content\/uploads\/2024\/08\/landing-page_professional-functional-customized-seo-optimized-responsive-fast-delivery_MOCKUP_02-1024x615.jpg 1024w, https:\/\/webcraftinglab.com\/wp-content\/uploads\/2024\/08\/landing-page_professional-functional-customized-seo-optimized-responsive-fast-delivery_MOCKUP_02-300x180.jpg 300w, https:\/\/webcraftinglab.com\/wp-content\/uploads\/2024\/08\/landing-page_professional-functional-customized-seo-optimized-responsive-fast-delivery_MOCKUP_02-768x461.jpg 768w, https:\/\/webcraftinglab.com\/wp-content\/uploads\/2024\/08\/landing-page_professional-functional-customized-seo-optimized-responsive-fast-delivery_MOCKUP_02.jpg 1280w\" sizes=\"auto, (max-width: 1024px) 100vw, 1024px\" \/><\/figure>\n\n\n\n<div style=\"height:24px\" aria-hidden=\"true\" class=\"wp-block-spacer\"><\/div>\n\n\n\n<h3 class=\"wp-block-heading has-text-align-center has-neve-text-color-color has-text-color\">My Plant INDEX<\/h3>\n\n\n\n<p class=\"has-text-align-center has-neve-text-color-color has-text-color\">Esta es una web dedicada a albergar grandes cantidades de contenido digital informativo en un nicho en auge. Adem\u00e1s, del contenido est\u00e1tico a modo de enciclopedia, cuenta con un blog y una tienda online de merchandising. La tienda, por supuesto, cuenta con su propia pasarela de pago y est\u00e1 conectada a su proveedor de POD y tiene automatizado el proceso de generaci\u00f3n de etiquetas de env\u00edo para los productos propios. Independientemente, esta web tambi\u00e9n cuenta con un servicio de suscripci\u00f3n gratuito.<br><br><br><br><\/p>\n\n\n\n<div class=\"wp-block-buttons is-content-justification-center is-layout-flex wp-container-core-buttons-is-layout-16018d1d wp-block-buttons-is-layout-flex\">\n<div class=\"wp-block-button is-style-primary\"><a class=\"wp-block-button__link wp-element-button\" href=\"https:\/\/myplantindex.com\/\" target=\"_blank\" rel=\"noreferrer noopener\">ECHA UN VISTAZO<\/a><\/div>\n<\/div>\n\n\n\n<div style=\"height:40px\" aria-hidden=\"true\" class=\"wp-block-spacer\"><\/div>\n<\/div>\n\n\n\n<div class=\"wp-block-column is-vertically-aligned-top is-layout-flow wp-block-column-is-layout-flow\" style=\"flex-basis:50%\">\n<figure class=\"wp-block-image size-large\"><img loading=\"lazy\" decoding=\"async\" width=\"1024\" height=\"615\" src=\"http:\/\/webcraftinglab.com\/wp-content\/uploads\/2024\/08\/mockup-enjoy-1024x615.jpg\" alt=\"portfolio web empresa servicios deportivos y fotogr\u00e1ficos con funci\u00f3n de reserva y pasarela de pago\" class=\"wp-image-784\" srcset=\"https:\/\/webcraftinglab.com\/wp-content\/uploads\/2024\/08\/mockup-enjoy-1024x615.jpg 1024w, https:\/\/webcraftinglab.com\/wp-content\/uploads\/2024\/08\/mockup-enjoy-300x180.jpg 300w, https:\/\/webcraftinglab.com\/wp-content\/uploads\/2024\/08\/mockup-enjoy-768x461.jpg 768w, https:\/\/webcraftinglab.com\/wp-content\/uploads\/2024\/08\/mockup-enjoy.jpg 1280w\" sizes=\"auto, (max-width: 1024px) 100vw, 1024px\" \/><\/figure>\n\n\n\n<div style=\"height:24px\" aria-hidden=\"true\" class=\"wp-block-spacer\"><\/div>\n\n\n\n<h3 class=\"wp-block-heading has-text-align-center has-neve-text-color-color has-text-color\">Enjoy Marbella<\/h3>\n\n\n\n<p class=\"has-text-align-center has-neve-text-color-color has-text-color\">Es una web de un negocio muy enfocado a la temporada estival y, es especial, al p\u00fablico visitante de la Costa del Sol. Es por ello en esta caso era vital crear un sitio multiling\u00fce. El sitio web, adem\u00e1s de presentar los servicios ofertados y presentar a los trabajadores, tiene formulario de contacto y enlaces directos a v\u00edas de comunicaci\u00f3n instant\u00e1neas como es el Whatsapp. Por \u00faltimo la web tambi\u00e9n ofrece la oportunidad de realizar las reservas de los diferentes servicios de manera online estipulando el d\u00eda y la hora deseada de entre los huecos en la agenda de trabajo. Adem\u00e1s, cuenta con una pasarela de pago mediante la que formalizar estas citas que incluyen el pago con tarjeta as\u00ed como medios m\u00e1s inmediatos como son Google Pay y Apple Pay.<\/p>\n\n\n\n<div class=\"wp-block-buttons is-content-justification-center is-layout-flex wp-container-core-buttons-is-layout-16018d1d wp-block-buttons-is-layout-flex\">\n<div class=\"wp-block-button is-style-primary\"><a class=\"wp-block-button__link wp-element-button\" href=\"https:\/\/enjoymarbella.net\/\" target=\"_blank\" rel=\"noreferrer noopener\">ECHA UN VISTAZO<\/a><\/div>\n<\/div>\n\n\n\n<div style=\"height:40px\" aria-hidden=\"true\" class=\"wp-block-spacer\"><\/div>\n<\/div>\n<\/div>\n\n\n\n<div style=\"height:40px\" aria-hidden=\"true\" class=\"wp-block-spacer\"><\/div>\n\n\n\n<div class=\"wp-block-cover alignfull\" style=\"min-height:420px;aspect-ratio:unset;\"><span aria-hidden=\"true\" class=\"wp-block-cover__background has-nv-light-bg-background-color has-background-dim-100 has-background-dim\"><\/span><div class=\"wp-block-cover__inner-container is-layout-flow wp-block-cover-is-layout-flow\">\n<div style=\"height:80px\" aria-hidden=\"true\" class=\"wp-block-spacer\"><\/div>\n\n\n\n<div class=\"wp-block-columns is-layout-flex wp-container-core-columns-is-layout-9d6595d7 wp-block-columns-is-layout-flex\">\n<div class=\"wp-block-column ticss-f6fc7494 is-layout-flow wp-block-column-is-layout-flow\">\n<div class=\"wp-block-group has-nv-site-bg-background-color has-background\"><div class=\"wp-block-group__inner-container is-layout-flow wp-block-group-is-layout-flow\">\n<div style=\"height:24px\" aria-hidden=\"true\" class=\"wp-block-spacer\"><\/div>\n\n\n<div class=\"wp-block-image icon-style is-style-default\">\n<figure class=\"aligncenter size-large\"><img loading=\"lazy\" decoding=\"async\" width=\"65\" height=\"65\" src=\"http:\/\/webcraftinglab.com\/wp-content\/uploads\/2021\/06\/email-sm.png\" alt=\"\" class=\"wp-image-306\"\/><\/figure><\/div>\n\n\n<div style=\"height:24px\" aria-hidden=\"true\" class=\"wp-block-spacer\"><\/div>\n\n\n\n<h3 class=\"wp-block-heading has-text-align-center has-neve-text-color-color has-text-color\">Correo electr\u00f3nico<\/h3>\n\n\n\n<p class=\"has-text-align-center has-neve-text-color-color has-text-color\" style=\"font-size:15px\">info@webcraftinglab.com<\/p>\n\n\n\n<div style=\"height:24px\" aria-hidden=\"true\" class=\"wp-block-spacer\"><\/div>\n<\/div><\/div>\n<\/div>\n\n\n\n<div class=\"wp-block-column ticss-a5b4df29 is-layout-flow wp-block-column-is-layout-flow\">\n<div class=\"wp-block-group has-nv-site-bg-background-color has-background\"><div class=\"wp-block-group__inner-container is-layout-flow wp-block-group-is-layout-flow\">\n<div style=\"height:24px\" aria-hidden=\"true\" class=\"wp-block-spacer\"><\/div>\n\n\n<div class=\"wp-block-image icon-style is-style-default\">\n<figure class=\"aligncenter size-large\"><img loading=\"lazy\" decoding=\"async\" width=\"63\" height=\"63\" src=\"http:\/\/webcraftinglab.com\/wp-content\/uploads\/2021\/06\/phone-sm.png\" alt=\"\" class=\"wp-image-304\"\/><\/figure><\/div>\n\n\n<div style=\"height:24px\" aria-hidden=\"true\" class=\"wp-block-spacer\"><\/div>\n\n\n\n<h3 class=\"wp-block-heading has-text-align-center has-neve-text-color-color has-text-color\">Tel\u00e9fono<\/h3>\n\n\n\n<p class=\"has-text-align-center has-neve-text-color-color has-text-color\" style=\"font-size:15px\">611.033.650 | Lunes a Viernes<\/p>\n\n\n\n<div style=\"height:24px\" aria-hidden=\"true\" class=\"wp-block-spacer\"><\/div>\n<\/div><\/div>\n<\/div>\n<\/div>\n\n\n\n<div style=\"height:30px\" aria-hidden=\"true\" class=\"wp-block-spacer\"><\/div>\n<\/div><\/div>\n<\/div><\/div>\n<\/div><\/div>\n","protected":false},"excerpt":{"rendered":"<p>Descubre el Portfolio de Web Crafting Lab: dise\u00f1os web personalizados y optimizados para PYMES que destacan tu negocio. A continuaci\u00f3n se muestra una selecci\u00f3n de los m\u00e1s recientes trabajos.<\/p>\n","protected":false},"author":1,"featured_media":0,"parent":0,"menu_order":0,"comment_status":"closed","ping_status":"closed","template":"","meta":{"neve_meta_sidebar":"full-width","neve_meta_container":"","neve_meta_enable_content_width":"on","neve_meta_content_width":100,"neve_meta_title_alignment":"","neve_meta_author_avatar":"","neve_post_elements_order":"","neve_meta_disable_header":"","neve_meta_disable_footer":"","neve_meta_disable_title":"on","_themeisle_gutenberg_block_has_review":false,"footnotes":""},"class_list":["post-69","page","type-page","status-publish","hentry"],"yoast_head":"<!-- This site is optimized with the Yoast SEO plugin v25.3.1 - https:\/\/yoast.com\/wordpress\/plugins\/seo\/ -->\n<title>Portfolio de Web Crafting Lab<\/title>\n<meta name=\"description\" content=\"Descubre el Portfolio de Web Crafting Lab: dise\u00f1os web personalizados y optimizados para PYMES que destacan tu negocio.\" \/>\n<meta name=\"robots\" content=\"index, follow, max-snippet:-1, max-image-preview:large, max-video-preview:-1\" \/>\n<link rel=\"canonical\" href=\"https:\/\/webcraftinglab.com\/es\/portfolio-de-web-crafting-lab\/\" \/>\n<meta property=\"og:locale\" content=\"es_ES\" \/>\n<meta property=\"og:type\" content=\"article\" \/>\n<meta property=\"og:title\" content=\"Portfolio de Web Crafting Lab\" \/>\n<meta property=\"og:description\" content=\"Descubre el Portfolio de Web Crafting Lab: dise\u00f1os web personalizados y optimizados para PYMES que destacan tu negocio.\" \/>\n<meta property=\"og:url\" content=\"https:\/\/webcraftinglab.com\/es\/portfolio-de-web-crafting-lab\/\" \/>\n<meta property=\"og:site_name\" content=\"Web Crafting Lab\" \/>\n<meta property=\"article:modified_time\" content=\"2024-11-08T05:02:07+00:00\" \/>\n<meta property=\"og:image\" content=\"https:\/\/webcraftinglab.com\/wp-content\/uploads\/2024\/08\/mockup-espejo.jpg\" \/>\n\t<meta property=\"og:image:width\" content=\"1280\" \/>\n\t<meta property=\"og:image:height\" content=\"769\" \/>\n\t<meta property=\"og:image:type\" content=\"image\/jpeg\" \/>\n<meta name=\"twitter:card\" content=\"summary_large_image\" \/>\n<meta name=\"twitter:label1\" content=\"Tiempo de lectura\" \/>\n\t<meta name=\"twitter:data1\" content=\"4 minutos\" \/>\n<script type=\"application\/ld+json\" class=\"yoast-schema-graph\">{\"@context\":\"https:\/\/schema.org\",\"@graph\":[{\"@type\":\"WebPage\",\"@id\":\"https:\/\/webcraftinglab.com\/portfolio-de-web-crafting-lab\/\",\"url\":\"https:\/\/webcraftinglab.com\/portfolio-de-web-crafting-lab\/\",\"name\":\"Portfolio de Web Crafting Lab\",\"isPartOf\":{\"@id\":\"https:\/\/webcraftinglab.com\/es\/#website\"},\"primaryImageOfPage\":{\"@id\":\"https:\/\/webcraftinglab.com\/portfolio-de-web-crafting-lab\/#primaryimage\"},\"image\":{\"@id\":\"https:\/\/webcraftinglab.com\/portfolio-de-web-crafting-lab\/#primaryimage\"},\"thumbnailUrl\":\"http:\/\/webcraftinglab.com\/wp-content\/uploads\/2024\/08\/mockup-espejo-1024x615.jpg\",\"datePublished\":\"2020-01-27T08:05:29+00:00\",\"dateModified\":\"2024-11-08T05:02:07+00:00\",\"description\":\"Descubre el Portfolio de Web Crafting Lab: dise\u00f1os web personalizados y optimizados para PYMES que destacan tu negocio.\",\"breadcrumb\":{\"@id\":\"https:\/\/webcraftinglab.com\/portfolio-de-web-crafting-lab\/#breadcrumb\"},\"inLanguage\":\"es\",\"potentialAction\":[{\"@type\":\"ReadAction\",\"target\":[\"https:\/\/webcraftinglab.com\/portfolio-de-web-crafting-lab\/\"]}]},{\"@type\":\"ImageObject\",\"inLanguage\":\"es\",\"@id\":\"https:\/\/webcraftinglab.com\/portfolio-de-web-crafting-lab\/#primaryimage\",\"url\":\"http:\/\/webcraftinglab.com\/wp-content\/uploads\/2024\/08\/mockup-espejo-1024x615.jpg\",\"contentUrl\":\"http:\/\/webcraftinglab.com\/wp-content\/uploads\/2024\/08\/mockup-espejo-1024x615.jpg\"},{\"@type\":\"BreadcrumbList\",\"@id\":\"https:\/\/webcraftinglab.com\/portfolio-de-web-crafting-lab\/#breadcrumb\",\"itemListElement\":[{\"@type\":\"ListItem\",\"position\":1,\"name\":\"Portada\",\"item\":\"https:\/\/webcraftinglab.com\/\"},{\"@type\":\"ListItem\",\"position\":2,\"name\":\"Portfolio\"}]},{\"@type\":\"WebSite\",\"@id\":\"https:\/\/webcraftinglab.com\/es\/#website\",\"url\":\"https:\/\/webcraftinglab.com\/es\/\",\"name\":\"WebCraftingLAB\",\"description\":\"Construyendo P\u00e1ginas Web\",\"publisher\":{\"@id\":\"https:\/\/webcraftinglab.com\/es\/#organization\"},\"potentialAction\":[{\"@type\":\"SearchAction\",\"target\":{\"@type\":\"EntryPoint\",\"urlTemplate\":\"https:\/\/webcraftinglab.com\/es\/?s={search_term_string}\"},\"query-input\":{\"@type\":\"PropertyValueSpecification\",\"valueRequired\":true,\"valueName\":\"search_term_string\"}}],\"inLanguage\":\"es\"},{\"@type\":\"Organization\",\"@id\":\"https:\/\/webcraftinglab.com\/es\/#organization\",\"name\":\"WebCraftingLAB\",\"url\":\"https:\/\/webcraftinglab.com\/es\/\",\"logo\":{\"@type\":\"ImageObject\",\"inLanguage\":\"es\",\"@id\":\"https:\/\/webcraftinglab.com\/es\/#\/schema\/logo\/image\/\",\"url\":\"https:\/\/webcraftinglab.com\/wp-content\/uploads\/2023\/11\/WebCraftingLab-Logo.png\",\"contentUrl\":\"https:\/\/webcraftinglab.com\/wp-content\/uploads\/2023\/11\/WebCraftingLab-Logo.png\",\"width\":1024,\"height\":72,\"caption\":\"WebCraftingLAB\"},\"image\":{\"@id\":\"https:\/\/webcraftinglab.com\/es\/#\/schema\/logo\/image\/\"}}]}<\/script>\n<!-- \/ Yoast SEO plugin. -->","yoast_head_json":{"title":"Portfolio de Web Crafting Lab","description":"Descubre el Portfolio de Web Crafting Lab: dise\u00f1os web personalizados y optimizados para PYMES que destacan tu negocio.","robots":{"index":"index","follow":"follow","max-snippet":"max-snippet:-1","max-image-preview":"max-image-preview:large","max-video-preview":"max-video-preview:-1"},"canonical":"https:\/\/webcraftinglab.com\/es\/portfolio-de-web-crafting-lab\/","og_locale":"es_ES","og_type":"article","og_title":"Portfolio de Web Crafting Lab","og_description":"Descubre el Portfolio de Web Crafting Lab: dise\u00f1os web personalizados y optimizados para PYMES que destacan tu negocio.","og_url":"https:\/\/webcraftinglab.com\/es\/portfolio-de-web-crafting-lab\/","og_site_name":"Web Crafting Lab","article_modified_time":"2024-11-08T05:02:07+00:00","og_image":[{"width":1280,"height":769,"url":"https:\/\/webcraftinglab.com\/wp-content\/uploads\/2024\/08\/mockup-espejo.jpg","type":"image\/jpeg"}],"twitter_card":"summary_large_image","twitter_misc":{"Tiempo de lectura":"4 minutos"},"schema":{"@context":"https:\/\/schema.org","@graph":[{"@type":"WebPage","@id":"https:\/\/webcraftinglab.com\/portfolio-de-web-crafting-lab\/","url":"https:\/\/webcraftinglab.com\/portfolio-de-web-crafting-lab\/","name":"Portfolio de Web Crafting Lab","isPartOf":{"@id":"https:\/\/webcraftinglab.com\/es\/#website"},"primaryImageOfPage":{"@id":"https:\/\/webcraftinglab.com\/portfolio-de-web-crafting-lab\/#primaryimage"},"image":{"@id":"https:\/\/webcraftinglab.com\/portfolio-de-web-crafting-lab\/#primaryimage"},"thumbnailUrl":"http:\/\/webcraftinglab.com\/wp-content\/uploads\/2024\/08\/mockup-espejo-1024x615.jpg","datePublished":"2020-01-27T08:05:29+00:00","dateModified":"2024-11-08T05:02:07+00:00","description":"Descubre el Portfolio de Web Crafting Lab: dise\u00f1os web personalizados y optimizados para PYMES que destacan tu negocio.","breadcrumb":{"@id":"https:\/\/webcraftinglab.com\/portfolio-de-web-crafting-lab\/#breadcrumb"},"inLanguage":"es","potentialAction":[{"@type":"ReadAction","target":["https:\/\/webcraftinglab.com\/portfolio-de-web-crafting-lab\/"]}]},{"@type":"ImageObject","inLanguage":"es","@id":"https:\/\/webcraftinglab.com\/portfolio-de-web-crafting-lab\/#primaryimage","url":"http:\/\/webcraftinglab.com\/wp-content\/uploads\/2024\/08\/mockup-espejo-1024x615.jpg","contentUrl":"http:\/\/webcraftinglab.com\/wp-content\/uploads\/2024\/08\/mockup-espejo-1024x615.jpg"},{"@type":"BreadcrumbList","@id":"https:\/\/webcraftinglab.com\/portfolio-de-web-crafting-lab\/#breadcrumb","itemListElement":[{"@type":"ListItem","position":1,"name":"Portada","item":"https:\/\/webcraftinglab.com\/"},{"@type":"ListItem","position":2,"name":"Portfolio"}]},{"@type":"WebSite","@id":"https:\/\/webcraftinglab.com\/es\/#website","url":"https:\/\/webcraftinglab.com\/es\/","name":"WebCraftingLAB","description":"Construyendo P\u00e1ginas Web","publisher":{"@id":"https:\/\/webcraftinglab.com\/es\/#organization"},"potentialAction":[{"@type":"SearchAction","target":{"@type":"EntryPoint","urlTemplate":"https:\/\/webcraftinglab.com\/es\/?s={search_term_string}"},"query-input":{"@type":"PropertyValueSpecification","valueRequired":true,"valueName":"search_term_string"}}],"inLanguage":"es"},{"@type":"Organization","@id":"https:\/\/webcraftinglab.com\/es\/#organization","name":"WebCraftingLAB","url":"https:\/\/webcraftinglab.com\/es\/","logo":{"@type":"ImageObject","inLanguage":"es","@id":"https:\/\/webcraftinglab.com\/es\/#\/schema\/logo\/image\/","url":"https:\/\/webcraftinglab.com\/wp-content\/uploads\/2023\/11\/WebCraftingLab-Logo.png","contentUrl":"https:\/\/webcraftinglab.com\/wp-content\/uploads\/2023\/11\/WebCraftingLab-Logo.png","width":1024,"height":72,"caption":"WebCraftingLAB"},"image":{"@id":"https:\/\/webcraftinglab.com\/es\/#\/schema\/logo\/image\/"}}]}},"_links":{"self":[{"href":"https:\/\/webcraftinglab.com\/es\/wp-json\/wp\/v2\/pages\/69","targetHints":{"allow":["GET"]}}],"collection":[{"href":"https:\/\/webcraftinglab.com\/es\/wp-json\/wp\/v2\/pages"}],"about":[{"href":"https:\/\/webcraftinglab.com\/es\/wp-json\/wp\/v2\/types\/page"}],"author":[{"embeddable":true,"href":"https:\/\/webcraftinglab.com\/es\/wp-json\/wp\/v2\/users\/1"}],"replies":[{"embeddable":true,"href":"https:\/\/webcraftinglab.com\/es\/wp-json\/wp\/v2\/comments?post=69"}],"version-history":[{"count":19,"href":"https:\/\/webcraftinglab.com\/es\/wp-json\/wp\/v2\/pages\/69\/revisions"}],"predecessor-version":[{"id":1124,"href":"https:\/\/webcraftinglab.com\/es\/wp-json\/wp\/v2\/pages\/69\/revisions\/1124"}],"wp:attachment":[{"href":"https:\/\/webcraftinglab.com\/es\/wp-json\/wp\/v2\/media?parent=69"}],"curies":[{"name":"wp","href":"https:\/\/api.w.org\/{rel}","templated":true}]}}